{"id":1132,"date":"2021-06-07T12:21:20","date_gmt":"2021-06-07T12:21:20","guid":{"rendered":"https:\/\/candet.es\/historia\/"},"modified":"2021-11-05T09:36:46","modified_gmt":"2021-11-05T09:36:46","slug":"historia","status":"publish","type":"page","link":"https:\/\/candet.es\/ca\/historia\/","title":{"rendered":"Hist\u00f2ria"},"content":{"rendered":"\t\t<div data-elementor-type=\"wp-page\" data-elementor-id=\"1132\" class=\"elementor elementor-1132 elementor-6\">\n\t\t\t\t\t\t\t\t\t<section class=\"elementor-section elementor-top-section elementor-element elementor-element-c9eab7e elementor-section-full_width elementor-section-height-full elementor-section-height-default elementor-section-items-middle\" data-id=\"c9eab7e\" data-element_type=\"section\">\n\t\t\t\t\t\t<div class=\"elementor-container elementor-column-gap-default\">\n\t\t\t\t\t<div class=\"elementor-column elementor-col-50 elementor-top-column elementor-element elementor-element-630417b\" data-id=\"630417b\" data-element_type=\"column\" id=\"columna-fija\" data-settings=\"{&quot;background_background&quot;:&quot;slideshow&quot;,&quot;background_slideshow_gallery&quot;:[{&quot;id&quot;:157,&quot;url&quot;:&quot;https:\\\/\\\/candet.es\\\/wp-content\\\/uploads\\\/2021\\\/06\\\/foto5.jpg&quot;},{&quot;id&quot;:153,&quot;url&quot;:&quot;https:\\\/\\\/candet.es\\\/wp-content\\\/uploads\\\/2021\\\/06\\\/foto2.jpg&quot;},{&quot;id&quot;:149,&quot;url&quot;:&quot;https:\\\/\\\/candet.es\\\/wp-content\\\/uploads\\\/2021\\\/06\\\/foto1.jpg&quot;}],&quot;background_slideshow_loop&quot;:&quot;yes&quot;,&quot;background_slideshow_slide_duration&quot;:5000,&quot;background_slideshow_slide_transition&quot;:&quot;fade&quot;,&quot;background_slideshow_transition_duration&quot;:500}\">\n\t\t\t<div class=\"elementor-widget-wrap elementor-element-populated\">\n\t\t\t\t\t\t\t\t<div class=\"elementor-element elementor-element-0d0fa4e elementor-widget elementor-widget-spacer\" data-id=\"0d0fa4e\" data-element_type=\"widget\" data-widget_type=\"spacer.default\">\n\t\t\t\t<div class=\"elementor-widget-container\">\n\t\t\t\t\t<div class=\"elementor-spacer\">\n\t\t\t<div class=\"elementor-spacer-inner\"><\/div>\n\t\t<\/div>\n\t\t\t\t<\/div>\n\t\t\t\t<\/div>\n\t\t\t\t\t<\/div>\n\t\t<\/div>\n\t\t\t\t<div class=\"elementor-column elementor-col-50 elementor-top-column elementor-element elementor-element-3519413\" data-id=\"3519413\" data-element_type=\"column\" id=\"columna-contenido\">\n\t\t\t<div class=\"elementor-widget-wrap elementor-element-populated\">\n\t\t\t\t\t\t\t\t<div class=\"elementor-element elementor-element-c945455 titular elementor-widget elementor-widget-heading\" data-id=\"c945455\" data-element_type=\"widget\" data-widget_type=\"heading.default\">\n\t\t\t\t<div class=\"elementor-widget-container\">\n\t\t\t<h1 class=\"elementor-heading-title elementor-size-default\">Hist\u00f2ria i fam\u00edlia<\/h1>\t\t<\/div>\n\t\t\t\t<\/div>\n\t\t\t\t<div class=\"elementor-element elementor-element-03c8ae8 elementor-widget elementor-widget-text-editor\" data-id=\"03c8ae8\" data-element_type=\"widget\" data-widget_type=\"text-editor.default\">\n\t\t\t\t<div class=\"elementor-widget-container\">\n\t\t\t\t\t\t\t<p>Els primers documents que parlen del llinatge de Can Det es remunten a l\u2019any 1525. Sempre vinculats a activitats relacionades amb la producci\u00f3 d\u2019oli i els c\u00edtrics, la fam\u00edlia es va assentar a S\u00f3ller al segle XVI i disset generacions despr\u00e9s, continuen amb la producci\u00f3 d\u2019aquets fruits inherents a la vall de S\u00f3ller.<\/p><p>Amb data de l\u2019any 1561, es custodia a l\u2019arxiu municipal el primer testament familiar a nom de Pedro Ozonas, un dels avantpassats dels dos germans que a dia d\u2019avui regenten i posseeixen la tafona de Can Det.<\/p><p>Mantenir les tradicions i adaptar-les al nivell de vida actual ha estat un gran repte per a aquesta fam\u00edlia, avalada per generacions i generacions d\u2019experi\u00e8ncies al sector.<\/p>\t\t\t\t\t\t<\/div>\n\t\t\t\t<\/div>\n\t\t\t\t<div class=\"elementor-element elementor-element-e7cdcb5 elementor-widget__width-auto elementor-widget elementor-widget-button\" data-id=\"e7cdcb5\" data-element_type=\"widget\" data-widget_type=\"button.default\">\n\t\t\t\t<div class=\"elementor-widget-container\">\n\t\t\t\t\t<div class=\"elementor-button-wrapper\">\n\t\t\t<a href=\"http:\/\/candet.es\/wp-content\/uploads\/2021\/10\/Petri-Ozonas-1561.pdf\" target=\"_blank\" class=\"elementor-button-link elementor-button elementor-size-sm\" role=\"button\">\n\t\t\t\t\t\t<span class=\"elementor-button-content-wrapper\">\n\t\t\t\t\t\t\t<span class=\"elementor-button-icon elementor-align-icon-left\">\n\t\t\t\t<i aria-hidden=\"true\" class=\"far fa-file-pdf\"><\/i>\t\t\t<\/span>\n\t\t\t\t\t\t<span class=\"elementor-button-text\">Testament familiar<\/span>\n\t\t<\/span>\n\t\t\t\t\t<\/a>\n\t\t<\/div>\n\t\t\t\t<\/div>\n\t\t\t\t<\/div>\n\t\t\t\t<div class=\"elementor-element elementor-element-3e80824 elementor-widget__width-auto elementor-widget elementor-widget-button\" data-id=\"3e80824\" data-element_type=\"widget\" data-widget_type=\"button.default\">\n\t\t\t\t<div class=\"elementor-widget-container\">\n\t\t\t\t\t<div class=\"elementor-button-wrapper\">\n\t\t\t<a href=\"http:\/\/candet.es\/wp-content\/uploads\/2021\/10\/Diploma.pdf\" target=\"_blank\" class=\"elementor-button-link elementor-button elementor-size-sm\" role=\"button\">\n\t\t\t\t\t\t<span class=\"elementor-button-content-wrapper\">\n\t\t\t\t\t\t\t<span class=\"elementor-button-icon elementor-align-icon-left\">\n\t\t\t\t<i aria-hidden=\"true\" class=\"far fa-file-pdf\"><\/i>\t\t\t<\/span>\n\t\t\t\t\t\t<span class=\"elementor-button-text\">Diploma de 1903<\/span>\n\t\t<\/span>\n\t\t\t\t\t<\/a>\n\t\t<\/div>\n\t\t\t\t<\/div>\n\t\t\t\t<\/div>\n\t\t\t\t\t<\/div>\n\t\t<\/div>\n\t\t\t\t\t\t\t<\/div>\n\t\t<\/section>\n\t\t\t\t\t\t\t<\/div>\n\t\t","protected":false},"excerpt":{"rendered":"<p>Hist\u00f2ria i fam\u00edlia Els primers documents que parlen del llinatge de Can Det es remunten a l\u2019any 1525. Sempre vinculats a activitats relacionades amb la producci\u00f3 d\u2019oli i els c\u00edtrics, la fam\u00edlia es va assentar a S\u00f3ller al segle XVI i disset generacions despr\u00e9s, continuen amb la producci\u00f3 d\u2019aquets fruits inherents a la vall de [&hellip;]<\/p>\n","protected":false},"author":1,"featured_media":0,"parent":0,"menu_order":0,"comment_status":"closed","ping_status":"closed","template":"page-interior.php","meta":{"inline_featured_image":false,"footnotes":""},"class_list":["post-1132","page","type-page","status-publish","hentry"],"yoast_head":"<!-- This site is optimized with the Yoast SEO plugin v24.6 - https:\/\/yoast.com\/wordpress\/plugins\/seo\/ -->\n<title>Hist\u00f2ria - Can Det<\/title>\n<meta name=\"robots\" content=\"index, follow, max-snippet:-1, max-image-preview:large, max-video-preview:-1\" \/>\n<link rel=\"canonical\" href=\"https:\/\/candet.es\/ca\/historia\/\" \/>\n<meta property=\"og:locale\" content=\"ca_ES\" \/>\n<meta property=\"og:type\" content=\"article\" \/>\n<meta property=\"og:title\" content=\"Hist\u00f2ria - Can Det\" \/>\n<meta property=\"og:description\" content=\"Hist\u00f2ria i fam\u00edlia Els primers documents que parlen del llinatge de Can Det es remunten a l\u2019any 1525. Sempre vinculats a activitats relacionades amb la producci\u00f3 d\u2019oli i els c\u00edtrics, la fam\u00edlia es va assentar a S\u00f3ller al segle XVI i disset generacions despr\u00e9s, continuen amb la producci\u00f3 d\u2019aquets fruits inherents a la vall de [&hellip;]\" \/>\n<meta property=\"og:url\" content=\"https:\/\/candet.es\/ca\/historia\/\" \/>\n<meta property=\"og:site_name\" content=\"Can Det\" \/>\n<meta property=\"article:modified_time\" content=\"2021-11-05T09:36:46+00:00\" \/>\n<meta name=\"twitter:card\" content=\"summary_large_image\" \/>\n<meta name=\"twitter:label1\" content=\"Temps estimat de lectura\" \/>\n\t<meta name=\"twitter:data1\" content=\"1 minut\" \/>\n<script type=\"application\/ld+json\" class=\"yoast-schema-graph\">{\"@context\":\"https:\/\/schema.org\",\"@graph\":[{\"@type\":\"WebPage\",\"@id\":\"https:\/\/candet.es\/ca\/historia\/\",\"url\":\"https:\/\/candet.es\/ca\/historia\/\",\"name\":\"Hist\u00f2ria - Can Det\",\"isPartOf\":{\"@id\":\"https:\/\/candet.es\/ca\/#website\"},\"datePublished\":\"2021-06-07T12:21:20+00:00\",\"dateModified\":\"2021-11-05T09:36:46+00:00\",\"breadcrumb\":{\"@id\":\"https:\/\/candet.es\/ca\/historia\/#breadcrumb\"},\"inLanguage\":\"ca\",\"potentialAction\":[{\"@type\":\"ReadAction\",\"target\":[\"https:\/\/candet.es\/ca\/historia\/\"]}]},{\"@type\":\"BreadcrumbList\",\"@id\":\"https:\/\/candet.es\/ca\/historia\/#breadcrumb\",\"itemListElement\":[{\"@type\":\"ListItem\",\"position\":1,\"name\":\"Portada\",\"item\":\"https:\/\/candet.es\/ca\/\"},{\"@type\":\"ListItem\",\"position\":2,\"name\":\"Hist\u00f2ria\"}]},{\"@type\":\"WebSite\",\"@id\":\"https:\/\/candet.es\/ca\/#website\",\"url\":\"https:\/\/candet.es\/ca\/\",\"name\":\"Can Det\",\"description\":\"Visitas Guiadas S\u00f3ller\",\"potentialAction\":[{\"@type\":\"SearchAction\",\"target\":{\"@type\":\"EntryPoint\",\"urlTemplate\":\"https:\/\/candet.es\/ca\/?s={search_term_string}\"},\"query-input\":{\"@type\":\"PropertyValueSpecification\",\"valueRequired\":true,\"valueName\":\"search_term_string\"}}],\"inLanguage\":\"ca\"}]}<\/script>\n<!-- \/ Yoast SEO plugin. -->","yoast_head_json":{"title":"Hist\u00f2ria - Can Det","robots":{"index":"index","follow":"follow","max-snippet":"max-snippet:-1","max-image-preview":"max-image-preview:large","max-video-preview":"max-video-preview:-1"},"canonical":"https:\/\/candet.es\/ca\/historia\/","og_locale":"ca_ES","og_type":"article","og_title":"Hist\u00f2ria - Can Det","og_description":"Hist\u00f2ria i fam\u00edlia Els primers documents que parlen del llinatge de Can Det es remunten a l\u2019any 1525. Sempre vinculats a activitats relacionades amb la producci\u00f3 d\u2019oli i els c\u00edtrics, la fam\u00edlia es va assentar a S\u00f3ller al segle XVI i disset generacions despr\u00e9s, continuen amb la producci\u00f3 d\u2019aquets fruits inherents a la vall de [&hellip;]","og_url":"https:\/\/candet.es\/ca\/historia\/","og_site_name":"Can Det","article_modified_time":"2021-11-05T09:36:46+00:00","twitter_card":"summary_large_image","twitter_misc":{"Temps estimat de lectura":"1 minut"},"schema":{"@context":"https:\/\/schema.org","@graph":[{"@type":"WebPage","@id":"https:\/\/candet.es\/ca\/historia\/","url":"https:\/\/candet.es\/ca\/historia\/","name":"Hist\u00f2ria - Can Det","isPartOf":{"@id":"https:\/\/candet.es\/ca\/#website"},"datePublished":"2021-06-07T12:21:20+00:00","dateModified":"2021-11-05T09:36:46+00:00","breadcrumb":{"@id":"https:\/\/candet.es\/ca\/historia\/#breadcrumb"},"inLanguage":"ca","potentialAction":[{"@type":"ReadAction","target":["https:\/\/candet.es\/ca\/historia\/"]}]},{"@type":"BreadcrumbList","@id":"https:\/\/candet.es\/ca\/historia\/#breadcrumb","itemListElement":[{"@type":"ListItem","position":1,"name":"Portada","item":"https:\/\/candet.es\/ca\/"},{"@type":"ListItem","position":2,"name":"Hist\u00f2ria"}]},{"@type":"WebSite","@id":"https:\/\/candet.es\/ca\/#website","url":"https:\/\/candet.es\/ca\/","name":"Can Det","description":"Visitas Guiadas S\u00f3ller","potentialAction":[{"@type":"SearchAction","target":{"@type":"EntryPoint","urlTemplate":"https:\/\/candet.es\/ca\/?s={search_term_string}"},"query-input":{"@type":"PropertyValueSpecification","valueRequired":true,"valueName":"search_term_string"}}],"inLanguage":"ca"}]}},"_links":{"self":[{"href":"https:\/\/candet.es\/ca\/wp-json\/wp\/v2\/pages\/1132","targetHints":{"allow":["GET"]}}],"collection":[{"href":"https:\/\/candet.es\/ca\/wp-json\/wp\/v2\/pages"}],"about":[{"href":"https:\/\/candet.es\/ca\/wp-json\/wp\/v2\/types\/page"}],"author":[{"embeddable":true,"href":"https:\/\/candet.es\/ca\/wp-json\/wp\/v2\/users\/1"}],"replies":[{"embeddable":true,"href":"https:\/\/candet.es\/ca\/wp-json\/wp\/v2\/comments?post=1132"}],"version-history":[{"count":7,"href":"https:\/\/candet.es\/ca\/wp-json\/wp\/v2\/pages\/1132\/revisions"}],"predecessor-version":[{"id":1141,"href":"https:\/\/candet.es\/ca\/wp-json\/wp\/v2\/pages\/1132\/revisions\/1141"}],"wp:attachment":[{"href":"https:\/\/candet.es\/ca\/wp-json\/wp\/v2\/media?parent=1132"}],"curies":[{"name":"wp","href":"https:\/\/api.w.org\/{rel}","templated":true}]}}