{"id":1181,"date":"2021-06-07T12:21:35","date_gmt":"2021-06-07T12:21:35","guid":{"rendered":"https:\/\/candet.es\/olivo-milenario\/"},"modified":"2023-04-12T07:52:26","modified_gmt":"2023-04-12T07:52:26","slug":"lolivera-mil%c2%b7lenaria","status":"publish","type":"page","link":"https:\/\/candet.es\/ca\/lolivera-mil%c2%b7lenaria\/","title":{"rendered":"L\u2019olivera mil\u00b7len\u00e0ria"},"content":{"rendered":"\t\t<div data-elementor-type=\"wp-page\" data-elementor-id=\"1181\" class=\"elementor elementor-1181 elementor-8\">\n\t\t\t\t\t\t\t\t\t<section class=\"elementor-section elementor-top-section elementor-element elementor-element-ea39d7e elementor-section-full_width elementor-section-height-default elementor-section-height-default\" data-id=\"ea39d7e\" data-element_type=\"section\">\n\t\t\t\t\t\t<div class=\"elementor-container elementor-column-gap-default\">\n\t\t\t\t\t<div class=\"elementor-column elementor-col-50 elementor-top-column elementor-element elementor-element-fad72fa\" data-id=\"fad72fa\" data-element_type=\"column\" id=\"columna-fija\" data-settings=\"{&quot;background_background&quot;:&quot;classic&quot;}\">\n\t\t\t<div class=\"elementor-widget-wrap elementor-element-populated\">\n\t\t\t\t\t<div class=\"elementor-background-overlay\"><\/div>\n\t\t\t\t\t\t\t\t<div class=\"elementor-element elementor-element-6d1232f elementor-widget elementor-widget-spacer\" data-id=\"6d1232f\" data-element_type=\"widget\" data-widget_type=\"spacer.default\">\n\t\t\t\t<div class=\"elementor-widget-container\">\n\t\t\t\t\t<div class=\"elementor-spacer\">\n\t\t\t<div class=\"elementor-spacer-inner\"><\/div>\n\t\t<\/div>\n\t\t\t\t<\/div>\n\t\t\t\t<\/div>\n\t\t\t\t\t<\/div>\n\t\t<\/div>\n\t\t\t\t<div class=\"elementor-column elementor-col-50 elementor-top-column elementor-element elementor-element-6d16cdf\" data-id=\"6d16cdf\" data-element_type=\"column\" id=\"columna-contenido\">\n\t\t\t<div class=\"elementor-widget-wrap elementor-element-populated\">\n\t\t\t\t\t\t\t\t<div class=\"elementor-element elementor-element-6d1c7ad titular elementor-widget elementor-widget-heading\" data-id=\"6d1c7ad\" data-element_type=\"widget\" data-widget_type=\"heading.default\">\n\t\t\t\t<div class=\"elementor-widget-container\">\n\t\t\t<h1 class=\"elementor-heading-title elementor-size-default\">L\u2019olivera mil\u00b7len\u00e0ria<\/h1>\t\t<\/div>\n\t\t\t\t<\/div>\n\t\t\t\t<div class=\"elementor-element elementor-element-4c192a9 elementor-widget elementor-widget-text-editor\" data-id=\"4c192a9\" data-element_type=\"widget\" data-widget_type=\"text-editor.default\">\n\t\t\t\t<div class=\"elementor-widget-container\">\n\t\t\t\t\t\t\t<p>El valor de l\u2019oli de Can Det no nom\u00e9s resideix en les bones pr\u00e0ctiques de producci\u00f3, sin\u00f3 que tamb\u00e9 es basa en l\u2019excel\u00b7lent qualitat de la mat\u00e8ria primera. L\u2019oli s\u2019elabora amb olives d\u2019arbres mil\u00b7lenaris. De fet, l\u2019any 2020 una de les oliveres de la finca de Can Det, que pertany a la varietat aut\u00f2ctona Empeltre, va ser reconeguda com a Millor Olivera Monumental d\u2019Espanya.<\/p><p>L\u2019Associaci\u00f3 Espanyola de Municipis de l\u2019Olivera (AEMO) va atorgar aquest premi a la fam\u00edlia i va apuntar que probablement es tracta d\u2019un arbre sembrat pels musulmans al segle IX. Un arbre que ha estat testimoni directe de la reconquesta de l\u2019illa per les tropes cristianes al segle XIII.<\/p>\t\t\t\t\t\t<\/div>\n\t\t\t\t<\/div>\n\t\t\t\t<div class=\"elementor-element elementor-element-475ec0b elementor-arrows-position-inside elementor-pagination-position-outside elementor-widget elementor-widget-image-carousel\" data-id=\"475ec0b\" data-element_type=\"widget\" data-settings=\"{&quot;navigation&quot;:&quot;both&quot;,&quot;autoplay&quot;:&quot;yes&quot;,&quot;pause_on_hover&quot;:&quot;yes&quot;,&quot;pause_on_interaction&quot;:&quot;yes&quot;,&quot;autoplay_speed&quot;:5000,&quot;infinite&quot;:&quot;yes&quot;,&quot;speed&quot;:500}\" data-widget_type=\"image-carousel.default\">\n\t\t\t\t<div class=\"elementor-widget-container\">\n\t\t\t\t\t<div class=\"elementor-image-carousel-wrapper swiper-container\" dir=\"ltr\">\n\t\t\t<div class=\"elementor-image-carousel swiper-wrapper\">\n\t\t\t\t\t\t\t\t<div class=\"swiper-slide\"><a data-elementor-open-lightbox=\"yes\" data-elementor-lightbox-slideshow=\"475ec0b\" data-elementor-lightbox-title=\"olivomilenario01\" e-action-hash=\"#elementor-action%3Aaction%3Dlightbox%26settings%3DeyJpZCI6MTU0NiwidXJsIjoiaHR0cHM6XC9cL2NhbmRldC5lc1wvd3AtY29udGVudFwvdXBsb2Fkc1wvMjAyMlwvMDZcL29saXZvbWlsZW5hcmlvMDEuanBnIiwic2xpZGVzaG93IjoiNDc1ZWMwYiJ9\" href=\"https:\/\/candet.es\/wp-content\/uploads\/2022\/06\/olivomilenario01.jpg\"><figure class=\"swiper-slide-inner\"><img decoding=\"async\" class=\"swiper-slide-image\" src=\"https:\/\/candet.es\/wp-content\/uploads\/2022\/06\/olivomilenario01-300x300.jpg\" alt=\"olivomilenario01\" \/><\/figure><\/a><\/div><div class=\"swiper-slide\"><a data-elementor-open-lightbox=\"yes\" data-elementor-lightbox-slideshow=\"475ec0b\" data-elementor-lightbox-title=\"olivomilenario02\" e-action-hash=\"#elementor-action%3Aaction%3Dlightbox%26settings%3DeyJpZCI6MTU1MCwidXJsIjoiaHR0cHM6XC9cL2NhbmRldC5lc1wvd3AtY29udGVudFwvdXBsb2Fkc1wvMjAyMlwvMDZcL29saXZvbWlsZW5hcmlvMDIuanBnIiwic2xpZGVzaG93IjoiNDc1ZWMwYiJ9\" href=\"https:\/\/candet.es\/wp-content\/uploads\/2022\/06\/olivomilenario02.jpg\"><figure class=\"swiper-slide-inner\"><img decoding=\"async\" class=\"swiper-slide-image\" src=\"https:\/\/candet.es\/wp-content\/uploads\/2022\/06\/olivomilenario02-300x300.jpg\" alt=\"olivomilenario02\" \/><\/figure><\/a><\/div><div class=\"swiper-slide\"><a data-elementor-open-lightbox=\"yes\" data-elementor-lightbox-slideshow=\"475ec0b\" data-elementor-lightbox-title=\"9dba16a9-f2f9-48e0-ba00-0a28ace89e5b\" e-action-hash=\"#elementor-action%3Aaction%3Dlightbox%26settings%3DeyJpZCI6MTA1MSwidXJsIjoiaHR0cHM6XC9cL2NhbmRldC5lc1wvd3AtY29udGVudFwvdXBsb2Fkc1wvMjAyMVwvMTFcLzlkYmExNmE5LWYyZjktNDhlMC1iYTAwLTBhMjhhY2U4OWU1Yi5qcGciLCJzbGlkZXNob3ciOiI0NzVlYzBiIn0%3D\" href=\"https:\/\/candet.es\/wp-content\/uploads\/2021\/11\/9dba16a9-f2f9-48e0-ba00-0a28ace89e5b.jpg\"><figure class=\"swiper-slide-inner\"><img decoding=\"async\" class=\"swiper-slide-image\" src=\"https:\/\/candet.es\/wp-content\/uploads\/2021\/11\/9dba16a9-f2f9-48e0-ba00-0a28ace89e5b-300x300.jpg\" alt=\"9dba16a9-f2f9-48e0-ba00-0a28ace89e5b\" \/><\/figure><\/a><\/div><div class=\"swiper-slide\"><a data-elementor-open-lightbox=\"yes\" data-elementor-lightbox-slideshow=\"475ec0b\" data-elementor-lightbox-title=\"70928cde-923f-484a-8549-30ee3a764c8e\" e-action-hash=\"#elementor-action%3Aaction%3Dlightbox%26settings%3DeyJpZCI6MTA1NSwidXJsIjoiaHR0cHM6XC9cL2NhbmRldC5lc1wvd3AtY29udGVudFwvdXBsb2Fkc1wvMjAyMVwvMTFcLzcwOTI4Y2RlLTkyM2YtNDg0YS04NTQ5LTMwZWUzYTc2NGM4ZS5qcGciLCJzbGlkZXNob3ciOiI0NzVlYzBiIn0%3D\" href=\"https:\/\/candet.es\/wp-content\/uploads\/2021\/11\/70928cde-923f-484a-8549-30ee3a764c8e.jpg\"><figure class=\"swiper-slide-inner\"><img decoding=\"async\" class=\"swiper-slide-image\" src=\"https:\/\/candet.es\/wp-content\/uploads\/2021\/11\/70928cde-923f-484a-8549-30ee3a764c8e-300x300.jpg\" alt=\"70928cde-923f-484a-8549-30ee3a764c8e\" \/><\/figure><\/a><\/div><div class=\"swiper-slide\"><a data-elementor-open-lightbox=\"yes\" data-elementor-lightbox-slideshow=\"475ec0b\" data-elementor-lightbox-title=\"b42be50a-1a0b-4a71-b0be-4d78e92a0d5a\" e-action-hash=\"#elementor-action%3Aaction%3Dlightbox%26settings%3DeyJpZCI6MTA1OSwidXJsIjoiaHR0cHM6XC9cL2NhbmRldC5lc1wvd3AtY29udGVudFwvdXBsb2Fkc1wvMjAyMVwvMTFcL2I0MmJlNTBhLTFhMGItNGE3MS1iMGJlLTRkNzhlOTJhMGQ1YS5qcGciLCJzbGlkZXNob3ciOiI0NzVlYzBiIn0%3D\" href=\"https:\/\/candet.es\/wp-content\/uploads\/2021\/11\/b42be50a-1a0b-4a71-b0be-4d78e92a0d5a.jpg\"><figure class=\"swiper-slide-inner\"><img decoding=\"async\" class=\"swiper-slide-image\" src=\"https:\/\/candet.es\/wp-content\/uploads\/2021\/11\/b42be50a-1a0b-4a71-b0be-4d78e92a0d5a-300x300.jpg\" alt=\"b42be50a-1a0b-4a71-b0be-4d78e92a0d5a\" \/><\/figure><\/a><\/div><div class=\"swiper-slide\"><a data-elementor-open-lightbox=\"yes\" data-elementor-lightbox-slideshow=\"475ec0b\" data-elementor-lightbox-title=\"e1d1f371-5e21-4621-90a2-353749a7cd19\" e-action-hash=\"#elementor-action%3Aaction%3Dlightbox%26settings%3DeyJpZCI6MTA2MywidXJsIjoiaHR0cHM6XC9cL2NhbmRldC5lc1wvd3AtY29udGVudFwvdXBsb2Fkc1wvMjAyMVwvMTFcL2UxZDFmMzcxLTVlMjEtNDYyMS05MGEyLTM1Mzc0OWE3Y2QxOS5qcGciLCJzbGlkZXNob3ciOiI0NzVlYzBiIn0%3D\" href=\"https:\/\/candet.es\/wp-content\/uploads\/2021\/11\/e1d1f371-5e21-4621-90a2-353749a7cd19.jpg\"><figure class=\"swiper-slide-inner\"><img decoding=\"async\" class=\"swiper-slide-image\" src=\"https:\/\/candet.es\/wp-content\/uploads\/2021\/11\/e1d1f371-5e21-4621-90a2-353749a7cd19-300x300.jpg\" alt=\"e1d1f371-5e21-4621-90a2-353749a7cd19\" \/><\/figure><\/a><\/div><div class=\"swiper-slide\"><a data-elementor-open-lightbox=\"yes\" data-elementor-lightbox-slideshow=\"475ec0b\" data-elementor-lightbox-title=\"IMG_4351-2\" e-action-hash=\"#elementor-action%3Aaction%3Dlightbox%26settings%3DeyJpZCI6MTA2NywidXJsIjoiaHR0cHM6XC9cL2NhbmRldC5lc1wvd3AtY29udGVudFwvdXBsb2Fkc1wvMjAyMVwvMTFcL0lNR180MzUxLTIuanBnIiwic2xpZGVzaG93IjoiNDc1ZWMwYiJ9\" href=\"https:\/\/candet.es\/wp-content\/uploads\/2021\/11\/IMG_4351-2.jpg\"><figure class=\"swiper-slide-inner\"><img decoding=\"async\" class=\"swiper-slide-image\" src=\"https:\/\/candet.es\/wp-content\/uploads\/2021\/11\/IMG_4351-2-300x300.jpg\" alt=\"IMG_4351-2\" \/><\/figure><\/a><\/div><div class=\"swiper-slide\"><a data-elementor-open-lightbox=\"yes\" data-elementor-lightbox-slideshow=\"475ec0b\" data-elementor-lightbox-title=\"IMG_4353\" e-action-hash=\"#elementor-action%3Aaction%3Dlightbox%26settings%3DeyJpZCI6MTA3MSwidXJsIjoiaHR0cHM6XC9cL2NhbmRldC5lc1wvd3AtY29udGVudFwvdXBsb2Fkc1wvMjAyMVwvMTFcL0lNR180MzUzLmpwZyIsInNsaWRlc2hvdyI6IjQ3NWVjMGIifQ%3D%3D\" href=\"https:\/\/candet.es\/wp-content\/uploads\/2021\/11\/IMG_4353.jpg\"><figure class=\"swiper-slide-inner\"><img decoding=\"async\" class=\"swiper-slide-image\" src=\"https:\/\/candet.es\/wp-content\/uploads\/2021\/11\/IMG_4353-300x300.jpg\" alt=\"IMG_4353\" \/><\/figure><\/a><\/div><div class=\"swiper-slide\"><a data-elementor-open-lightbox=\"yes\" data-elementor-lightbox-slideshow=\"475ec0b\" data-elementor-lightbox-title=\"IMG_4357\" e-action-hash=\"#elementor-action%3Aaction%3Dlightbox%26settings%3DeyJpZCI6MTA3NSwidXJsIjoiaHR0cHM6XC9cL2NhbmRldC5lc1wvd3AtY29udGVudFwvdXBsb2Fkc1wvMjAyMVwvMTFcL0lNR180MzU3LmpwZyIsInNsaWRlc2hvdyI6IjQ3NWVjMGIifQ%3D%3D\" href=\"https:\/\/candet.es\/wp-content\/uploads\/2021\/11\/IMG_4357.jpg\"><figure class=\"swiper-slide-inner\"><img decoding=\"async\" class=\"swiper-slide-image\" src=\"https:\/\/candet.es\/wp-content\/uploads\/2021\/11\/IMG_4357-300x300.jpg\" alt=\"IMG_4357\" \/><\/figure><\/a><\/div><div class=\"swiper-slide\"><a data-elementor-open-lightbox=\"yes\" data-elementor-lightbox-slideshow=\"475ec0b\" data-elementor-lightbox-title=\"IMG_4360\" e-action-hash=\"#elementor-action%3Aaction%3Dlightbox%26settings%3DeyJpZCI6MTA3OSwidXJsIjoiaHR0cHM6XC9cL2NhbmRldC5lc1wvd3AtY29udGVudFwvdXBsb2Fkc1wvMjAyMVwvMTFcL0lNR180MzYwLmpwZyIsInNsaWRlc2hvdyI6IjQ3NWVjMGIifQ%3D%3D\" href=\"https:\/\/candet.es\/wp-content\/uploads\/2021\/11\/IMG_4360.jpg\"><figure class=\"swiper-slide-inner\"><img decoding=\"async\" class=\"swiper-slide-image\" src=\"https:\/\/candet.es\/wp-content\/uploads\/2021\/11\/IMG_4360-300x300.jpg\" alt=\"IMG_4360\" \/><\/figure><\/a><\/div><div class=\"swiper-slide\"><a data-elementor-open-lightbox=\"yes\" data-elementor-lightbox-slideshow=\"475ec0b\" data-elementor-lightbox-title=\"IMG_4363\" e-action-hash=\"#elementor-action%3Aaction%3Dlightbox%26settings%3DeyJpZCI6MTA4MywidXJsIjoiaHR0cHM6XC9cL2NhbmRldC5lc1wvd3AtY29udGVudFwvdXBsb2Fkc1wvMjAyMVwvMTFcL0lNR180MzYzLTEuanBnIiwic2xpZGVzaG93IjoiNDc1ZWMwYiJ9\" href=\"https:\/\/candet.es\/wp-content\/uploads\/2021\/11\/IMG_4363-1.jpg\"><figure class=\"swiper-slide-inner\"><img decoding=\"async\" class=\"swiper-slide-image\" src=\"https:\/\/candet.es\/wp-content\/uploads\/2021\/11\/IMG_4363-1-300x300.jpg\" alt=\"IMG_4363\" \/><\/figure><\/a><\/div><div class=\"swiper-slide\"><a data-elementor-open-lightbox=\"yes\" data-elementor-lightbox-slideshow=\"475ec0b\" data-elementor-lightbox-title=\"IMG_4366\" e-action-hash=\"#elementor-action%3Aaction%3Dlightbox%26settings%3DeyJpZCI6MTA4NywidXJsIjoiaHR0cHM6XC9cL2NhbmRldC5lc1wvd3AtY29udGVudFwvdXBsb2Fkc1wvMjAyMVwvMTFcL0lNR180MzY2LmpwZyIsInNsaWRlc2hvdyI6IjQ3NWVjMGIifQ%3D%3D\" href=\"https:\/\/candet.es\/wp-content\/uploads\/2021\/11\/IMG_4366.jpg\"><figure class=\"swiper-slide-inner\"><img decoding=\"async\" class=\"swiper-slide-image\" src=\"https:\/\/candet.es\/wp-content\/uploads\/2021\/11\/IMG_4366-300x300.jpg\" alt=\"IMG_4366\" \/><\/figure><\/a><\/div><div class=\"swiper-slide\"><a data-elementor-open-lightbox=\"yes\" data-elementor-lightbox-slideshow=\"475ec0b\" data-elementor-lightbox-title=\"IMG_4369\" e-action-hash=\"#elementor-action%3Aaction%3Dlightbox%26settings%3DeyJpZCI6MTA5MSwidXJsIjoiaHR0cHM6XC9cL2NhbmRldC5lc1wvd3AtY29udGVudFwvdXBsb2Fkc1wvMjAyMVwvMTFcL0lNR180MzY5LmpwZyIsInNsaWRlc2hvdyI6IjQ3NWVjMGIifQ%3D%3D\" href=\"https:\/\/candet.es\/wp-content\/uploads\/2021\/11\/IMG_4369.jpg\"><figure class=\"swiper-slide-inner\"><img decoding=\"async\" class=\"swiper-slide-image\" src=\"https:\/\/candet.es\/wp-content\/uploads\/2021\/11\/IMG_4369-300x300.jpg\" alt=\"IMG_4369\" \/><\/figure><\/a><\/div><div class=\"swiper-slide\"><a data-elementor-open-lightbox=\"yes\" data-elementor-lightbox-slideshow=\"475ec0b\" data-elementor-lightbox-title=\"IMG_4376\" e-action-hash=\"#elementor-action%3Aaction%3Dlightbox%26settings%3DeyJpZCI6MTA5NSwidXJsIjoiaHR0cHM6XC9cL2NhbmRldC5lc1wvd3AtY29udGVudFwvdXBsb2Fkc1wvMjAyMVwvMTFcL0lNR180Mzc2LmpwZyIsInNsaWRlc2hvdyI6IjQ3NWVjMGIifQ%3D%3D\" href=\"https:\/\/candet.es\/wp-content\/uploads\/2021\/11\/IMG_4376.jpg\"><figure class=\"swiper-slide-inner\"><img decoding=\"async\" class=\"swiper-slide-image\" src=\"https:\/\/candet.es\/wp-content\/uploads\/2021\/11\/IMG_4376-300x300.jpg\" alt=\"IMG_4376\" \/><\/figure><\/a><\/div><div class=\"swiper-slide\"><a data-elementor-open-lightbox=\"yes\" data-elementor-lightbox-slideshow=\"475ec0b\" data-elementor-lightbox-title=\"IMG_4386\" e-action-hash=\"#elementor-action%3Aaction%3Dlightbox%26settings%3DeyJpZCI6MTA5OSwidXJsIjoiaHR0cHM6XC9cL2NhbmRldC5lc1wvd3AtY29udGVudFwvdXBsb2Fkc1wvMjAyMVwvMTFcL0lNR180Mzg2LmpwZyIsInNsaWRlc2hvdyI6IjQ3NWVjMGIifQ%3D%3D\" href=\"https:\/\/candet.es\/wp-content\/uploads\/2021\/11\/IMG_4386.jpg\"><figure class=\"swiper-slide-inner\"><img decoding=\"async\" class=\"swiper-slide-image\" src=\"https:\/\/candet.es\/wp-content\/uploads\/2021\/11\/IMG_4386-300x300.jpg\" alt=\"IMG_4386\" \/><\/figure><\/a><\/div><div class=\"swiper-slide\"><a data-elementor-open-lightbox=\"yes\" data-elementor-lightbox-slideshow=\"475ec0b\" data-elementor-lightbox-title=\"IMG_6074\" e-action-hash=\"#elementor-action%3Aaction%3Dlightbox%26settings%3DeyJpZCI6MTEwMywidXJsIjoiaHR0cHM6XC9cL2NhbmRldC5lc1wvd3AtY29udGVudFwvdXBsb2Fkc1wvMjAyMVwvMTFcL0lNR182MDc0LmpwZyIsInNsaWRlc2hvdyI6IjQ3NWVjMGIifQ%3D%3D\" href=\"https:\/\/candet.es\/wp-content\/uploads\/2021\/11\/IMG_6074.jpg\"><figure class=\"swiper-slide-inner\"><img decoding=\"async\" class=\"swiper-slide-image\" src=\"https:\/\/candet.es\/wp-content\/uploads\/2021\/11\/IMG_6074-300x300.jpg\" alt=\"IMG_6074\" \/><\/figure><\/a><\/div><div class=\"swiper-slide\"><a data-elementor-open-lightbox=\"yes\" data-elementor-lightbox-slideshow=\"475ec0b\" data-elementor-lightbox-title=\"IMG_7482\" e-action-hash=\"#elementor-action%3Aaction%3Dlightbox%26settings%3DeyJpZCI6MTEwNywidXJsIjoiaHR0cHM6XC9cL2NhbmRldC5lc1wvd3AtY29udGVudFwvdXBsb2Fkc1wvMjAyMVwvMTFcL0lNR183NDgyLmpwZyIsInNsaWRlc2hvdyI6IjQ3NWVjMGIifQ%3D%3D\" href=\"https:\/\/candet.es\/wp-content\/uploads\/2021\/11\/IMG_7482.jpg\"><figure class=\"swiper-slide-inner\"><img decoding=\"async\" class=\"swiper-slide-image\" src=\"https:\/\/candet.es\/wp-content\/uploads\/2021\/11\/IMG_7482-300x300.jpg\" alt=\"IMG_7482\" \/><\/figure><\/a><\/div>\t\t\t<\/div>\n\t\t\t\t\t\t\t\t\t\t\t\t<div class=\"swiper-pagination\"><\/div>\n\t\t\t\t\t\t\t\t\t\t\t\t\t<div class=\"elementor-swiper-button elementor-swiper-button-prev\">\n\t\t\t\t\t\t<i aria-hidden=\"true\" class=\"eicon-chevron-left\"><\/i>\t\t\t\t\t\t<span class=\"elementor-screen-only\">Anterior<\/span>\n\t\t\t\t\t<\/div>\n\t\t\t\t\t<div class=\"elementor-swiper-button elementor-swiper-button-next\">\n\t\t\t\t\t\t<i aria-hidden=\"true\" class=\"eicon-chevron-right\"><\/i>\t\t\t\t\t\t<span class=\"elementor-screen-only\">Seg\u00fcent<\/span>\n\t\t\t\t\t<\/div>\n\t\t\t\t\t\t\t\t\t<\/div>\n\t\t\t\t<\/div>\n\t\t\t\t<\/div>\n\t\t\t\t<div class=\"elementor-element elementor-element-22615ed elementor-aspect-ratio-169 elementor-widget elementor-widget-video\" data-id=\"22615ed\" data-element_type=\"widget\" data-settings=\"{&quot;youtube_url&quot;:&quot;https:\\\/\\\/www.youtube.com\\\/watch?v=Z0IPR7GaP6Y&quot;,&quot;video_type&quot;:&quot;youtube&quot;,&quot;controls&quot;:&quot;yes&quot;,&quot;aspect_ratio&quot;:&quot;169&quot;}\" data-widget_type=\"video.default\">\n\t\t\t\t<div class=\"elementor-widget-container\">\n\t\t\t\t\t<div class=\"elementor-wrapper elementor-fit-aspect-ratio elementor-open-inline\">\n\t\t\t<div class=\"elementor-video\"><\/div>\t\t<\/div>\n\t\t\t\t<\/div>\n\t\t\t\t<\/div>\n\t\t\t\t<div class=\"elementor-element elementor-element-a5b1931 elementor-aspect-ratio-169 elementor-widget elementor-widget-video\" data-id=\"a5b1931\" data-element_type=\"widget\" data-settings=\"{&quot;video_type&quot;:&quot;hosted&quot;,&quot;controls&quot;:&quot;yes&quot;,&quot;aspect_ratio&quot;:&quot;169&quot;}\" data-widget_type=\"video.default\">\n\t\t\t\t<div class=\"elementor-widget-container\">\n\t\t\t\t\t<div class=\"e-hosted-video elementor-wrapper elementor-fit-aspect-ratio elementor-open-inline\">\n\t\t\t\t\t<video class=\"elementor-video\" src=\"https:\/\/candet.es\/wp-content\/uploads\/2022\/06\/olivera_de_can_det.mp4\" controls=\"\" controlsList=\"nodownload\"><\/video>\n\t\t\t\t<\/div>\n\t\t\t\t<\/div>\n\t\t\t\t<\/div>\n\t\t\t\t<div class=\"elementor-element elementor-element-a521490 elementor-widget__width-auto elementor-widget elementor-widget-button\" data-id=\"a521490\" data-element_type=\"widget\" data-widget_type=\"button.default\">\n\t\t\t\t<div class=\"elementor-widget-container\">\n\t\t\t\t\t<div class=\"elementor-button-wrapper\">\n\t\t\t<a href=\"https:\/\/candet.es\/ca\/reservar-visita\/\" class=\"elementor-button-link elementor-button elementor-size-sm\" role=\"button\">\n\t\t\t\t\t\t<span class=\"elementor-button-content-wrapper\">\n\t\t\t\t\t\t\t<span class=\"elementor-button-icon elementor-align-icon-left\">\n\t\t\t\t<i aria-hidden=\"true\" class=\"far fa-calendar-alt\"><\/i>\t\t\t<\/span>\n\t\t\t\t\t\t<span class=\"elementor-button-text\">RESERVAR VISITA<\/span>\n\t\t<\/span>\n\t\t\t\t\t<\/a>\n\t\t<\/div>\n\t\t\t\t<\/div>\n\t\t\t\t<\/div>\n\t\t\t\t\t<\/div>\n\t\t<\/div>\n\t\t\t\t\t\t\t<\/div>\n\t\t<\/section>\n\t\t\t\t\t\t\t<\/div>\n\t\t","protected":false},"excerpt":{"rendered":"<p>L\u2019olivera mil\u00b7len\u00e0ria El valor de l\u2019oli de Can Det no nom\u00e9s resideix en les bones pr\u00e0ctiques de producci\u00f3, sin\u00f3 que tamb\u00e9 es basa en l\u2019excel\u00b7lent qualitat de la mat\u00e8ria primera. L\u2019oli s\u2019elabora amb olives d\u2019arbres mil\u00b7lenaris. De fet, l\u2019any 2020 una de les oliveres de la finca de Can Det, que pertany a la varietat [&hellip;]<\/p>\n","protected":false},"author":1,"featured_media":0,"parent":0,"menu_order":0,"comment_status":"closed","ping_status":"closed","template":"page-interior.php","meta":{"inline_featured_image":false,"footnotes":""},"class_list":["post-1181","page","type-page","status-publish","hentry"],"yoast_head":"<!-- This site is optimized with the Yoast SEO plugin v24.6 - https:\/\/yoast.com\/wordpress\/plugins\/seo\/ -->\n<title>L\u2019olivera mil\u00b7len\u00e0ria - Can Det<\/title>\n<meta name=\"robots\" content=\"index, follow, max-snippet:-1, max-image-preview:large, max-video-preview:-1\" \/>\n<link rel=\"canonical\" href=\"https:\/\/candet.es\/ca\/lolivera-mil%c2%b7lenaria\/\" \/>\n<meta property=\"og:locale\" content=\"ca_ES\" \/>\n<meta property=\"og:type\" content=\"article\" \/>\n<meta property=\"og:title\" content=\"L\u2019olivera mil\u00b7len\u00e0ria - Can Det\" \/>\n<meta property=\"og:description\" content=\"L\u2019olivera mil\u00b7len\u00e0ria El valor de l\u2019oli de Can Det no nom\u00e9s resideix en les bones pr\u00e0ctiques de producci\u00f3, sin\u00f3 que tamb\u00e9 es basa en l\u2019excel\u00b7lent qualitat de la mat\u00e8ria primera. L\u2019oli s\u2019elabora amb olives d\u2019arbres mil\u00b7lenaris. De fet, l\u2019any 2020 una de les oliveres de la finca de Can Det, que pertany a la varietat [&hellip;]\" \/>\n<meta property=\"og:url\" content=\"https:\/\/candet.es\/ca\/lolivera-mil%c2%b7lenaria\/\" \/>\n<meta property=\"og:site_name\" content=\"Can Det\" \/>\n<meta property=\"article:modified_time\" content=\"2023-04-12T07:52:26+00:00\" \/>\n<meta property=\"og:image\" content=\"https:\/\/candet.es\/wp-content\/uploads\/2022\/06\/olivomilenario01-300x300.jpg\" \/>\n<meta name=\"twitter:card\" content=\"summary_large_image\" \/>\n<meta name=\"twitter:label1\" content=\"Temps estimat de lectura\" \/>\n\t<meta name=\"twitter:data1\" content=\"1 minut\" \/>\n<script type=\"application\/ld+json\" class=\"yoast-schema-graph\">{\"@context\":\"https:\/\/schema.org\",\"@graph\":[{\"@type\":\"WebPage\",\"@id\":\"https:\/\/candet.es\/ca\/lolivera-mil%c2%b7lenaria\/\",\"url\":\"https:\/\/candet.es\/ca\/lolivera-mil%c2%b7lenaria\/\",\"name\":\"L\u2019olivera mil\u00b7len\u00e0ria - Can Det\",\"isPartOf\":{\"@id\":\"https:\/\/candet.es\/ca\/#website\"},\"primaryImageOfPage\":{\"@id\":\"https:\/\/candet.es\/ca\/lolivera-mil%c2%b7lenaria\/#primaryimage\"},\"image\":{\"@id\":\"https:\/\/candet.es\/ca\/lolivera-mil%c2%b7lenaria\/#primaryimage\"},\"thumbnailUrl\":\"https:\/\/candet.es\/wp-content\/uploads\/2022\/06\/olivomilenario01-300x300.jpg\",\"datePublished\":\"2021-06-07T12:21:35+00:00\",\"dateModified\":\"2023-04-12T07:52:26+00:00\",\"breadcrumb\":{\"@id\":\"https:\/\/candet.es\/ca\/lolivera-mil%c2%b7lenaria\/#breadcrumb\"},\"inLanguage\":\"ca\",\"potentialAction\":[{\"@type\":\"ReadAction\",\"target\":[\"https:\/\/candet.es\/ca\/lolivera-mil%c2%b7lenaria\/\"]}]},{\"@type\":\"ImageObject\",\"inLanguage\":\"ca\",\"@id\":\"https:\/\/candet.es\/ca\/lolivera-mil%c2%b7lenaria\/#primaryimage\",\"url\":\"https:\/\/candet.es\/wp-content\/uploads\/2022\/06\/olivomilenario01-300x300.jpg\",\"contentUrl\":\"https:\/\/candet.es\/wp-content\/uploads\/2022\/06\/olivomilenario01-300x300.jpg\"},{\"@type\":\"BreadcrumbList\",\"@id\":\"https:\/\/candet.es\/ca\/lolivera-mil%c2%b7lenaria\/#breadcrumb\",\"itemListElement\":[{\"@type\":\"ListItem\",\"position\":1,\"name\":\"Portada\",\"item\":\"https:\/\/candet.es\/ca\/\"},{\"@type\":\"ListItem\",\"position\":2,\"name\":\"L\u2019olivera mil\u00b7len\u00e0ria\"}]},{\"@type\":\"WebSite\",\"@id\":\"https:\/\/candet.es\/ca\/#website\",\"url\":\"https:\/\/candet.es\/ca\/\",\"name\":\"Can Det\",\"description\":\"Visitas Guiadas S\u00f3ller\",\"potentialAction\":[{\"@type\":\"SearchAction\",\"target\":{\"@type\":\"EntryPoint\",\"urlTemplate\":\"https:\/\/candet.es\/ca\/?s={search_term_string}\"},\"query-input\":{\"@type\":\"PropertyValueSpecification\",\"valueRequired\":true,\"valueName\":\"search_term_string\"}}],\"inLanguage\":\"ca\"}]}<\/script>\n<!-- \/ Yoast SEO plugin. -->","yoast_head_json":{"title":"L\u2019olivera mil\u00b7len\u00e0ria - Can Det","robots":{"index":"index","follow":"follow","max-snippet":"max-snippet:-1","max-image-preview":"max-image-preview:large","max-video-preview":"max-video-preview:-1"},"canonical":"https:\/\/candet.es\/ca\/lolivera-mil%c2%b7lenaria\/","og_locale":"ca_ES","og_type":"article","og_title":"L\u2019olivera mil\u00b7len\u00e0ria - Can Det","og_description":"L\u2019olivera mil\u00b7len\u00e0ria El valor de l\u2019oli de Can Det no nom\u00e9s resideix en les bones pr\u00e0ctiques de producci\u00f3, sin\u00f3 que tamb\u00e9 es basa en l\u2019excel\u00b7lent qualitat de la mat\u00e8ria primera. L\u2019oli s\u2019elabora amb olives d\u2019arbres mil\u00b7lenaris. De fet, l\u2019any 2020 una de les oliveres de la finca de Can Det, que pertany a la varietat [&hellip;]","og_url":"https:\/\/candet.es\/ca\/lolivera-mil%c2%b7lenaria\/","og_site_name":"Can Det","article_modified_time":"2023-04-12T07:52:26+00:00","og_image":[{"url":"https:\/\/candet.es\/wp-content\/uploads\/2022\/06\/olivomilenario01-300x300.jpg","type":"","width":"","height":""}],"twitter_card":"summary_large_image","twitter_misc":{"Temps estimat de lectura":"1 minut"},"schema":{"@context":"https:\/\/schema.org","@graph":[{"@type":"WebPage","@id":"https:\/\/candet.es\/ca\/lolivera-mil%c2%b7lenaria\/","url":"https:\/\/candet.es\/ca\/lolivera-mil%c2%b7lenaria\/","name":"L\u2019olivera mil\u00b7len\u00e0ria - Can Det","isPartOf":{"@id":"https:\/\/candet.es\/ca\/#website"},"primaryImageOfPage":{"@id":"https:\/\/candet.es\/ca\/lolivera-mil%c2%b7lenaria\/#primaryimage"},"image":{"@id":"https:\/\/candet.es\/ca\/lolivera-mil%c2%b7lenaria\/#primaryimage"},"thumbnailUrl":"https:\/\/candet.es\/wp-content\/uploads\/2022\/06\/olivomilenario01-300x300.jpg","datePublished":"2021-06-07T12:21:35+00:00","dateModified":"2023-04-12T07:52:26+00:00","breadcrumb":{"@id":"https:\/\/candet.es\/ca\/lolivera-mil%c2%b7lenaria\/#breadcrumb"},"inLanguage":"ca","potentialAction":[{"@type":"ReadAction","target":["https:\/\/candet.es\/ca\/lolivera-mil%c2%b7lenaria\/"]}]},{"@type":"ImageObject","inLanguage":"ca","@id":"https:\/\/candet.es\/ca\/lolivera-mil%c2%b7lenaria\/#primaryimage","url":"https:\/\/candet.es\/wp-content\/uploads\/2022\/06\/olivomilenario01-300x300.jpg","contentUrl":"https:\/\/candet.es\/wp-content\/uploads\/2022\/06\/olivomilenario01-300x300.jpg"},{"@type":"BreadcrumbList","@id":"https:\/\/candet.es\/ca\/lolivera-mil%c2%b7lenaria\/#breadcrumb","itemListElement":[{"@type":"ListItem","position":1,"name":"Portada","item":"https:\/\/candet.es\/ca\/"},{"@type":"ListItem","position":2,"name":"L\u2019olivera mil\u00b7len\u00e0ria"}]},{"@type":"WebSite","@id":"https:\/\/candet.es\/ca\/#website","url":"https:\/\/candet.es\/ca\/","name":"Can Det","description":"Visitas Guiadas S\u00f3ller","potentialAction":[{"@type":"SearchAction","target":{"@type":"EntryPoint","urlTemplate":"https:\/\/candet.es\/ca\/?s={search_term_string}"},"query-input":{"@type":"PropertyValueSpecification","valueRequired":true,"valueName":"search_term_string"}}],"inLanguage":"ca"}]}},"_links":{"self":[{"href":"https:\/\/candet.es\/ca\/wp-json\/wp\/v2\/pages\/1181","targetHints":{"allow":["GET"]}}],"collection":[{"href":"https:\/\/candet.es\/ca\/wp-json\/wp\/v2\/pages"}],"about":[{"href":"https:\/\/candet.es\/ca\/wp-json\/wp\/v2\/types\/page"}],"author":[{"embeddable":true,"href":"https:\/\/candet.es\/ca\/wp-json\/wp\/v2\/users\/1"}],"replies":[{"embeddable":true,"href":"https:\/\/candet.es\/ca\/wp-json\/wp\/v2\/comments?post=1181"}],"version-history":[{"count":16,"href":"https:\/\/candet.es\/ca\/wp-json\/wp\/v2\/pages\/1181\/revisions"}],"predecessor-version":[{"id":1806,"href":"https:\/\/candet.es\/ca\/wp-json\/wp\/v2\/pages\/1181\/revisions\/1806"}],"wp:attachment":[{"href":"https:\/\/candet.es\/ca\/wp-json\/wp\/v2\/media?parent=1181"}],"curies":[{"name":"wp","href":"https:\/\/api.w.org\/{rel}","templated":true}]}}