{"id":1226,"date":"2021-10-13T09:09:29","date_gmt":"2021-10-13T09:09:29","guid":{"rendered":"https:\/\/candet.es\/reservar-visita\/"},"modified":"2025-01-30T08:08:59","modified_gmt":"2025-01-30T08:08:59","slug":"reservar-visita","status":"publish","type":"page","link":"https:\/\/candet.es\/ca\/reservar-visita\/","title":{"rendered":"Reservar visita"},"content":{"rendered":"\t\t<div data-elementor-type=\"wp-page\" data-elementor-id=\"1226\" class=\"elementor elementor-1226 elementor-398\">\n\t\t\t\t\t\t\t\t\t<section class=\"elementor-section elementor-top-section elementor-element elementor-element-5e42daa5 elementor-section-height-min-height elementor-section-boxed elementor-section-height-default elementor-section-items-middle\" data-id=\"5e42daa5\" data-element_type=\"section\" data-settings=\"{&quot;background_background&quot;:&quot;classic&quot;}\">\n\t\t\t\t\t\t\t<div class=\"elementor-background-overlay\"><\/div>\n\t\t\t\t\t\t\t<div class=\"elementor-container elementor-column-gap-default\">\n\t\t\t\t\t<div class=\"elementor-column elementor-col-100 elementor-top-column elementor-element elementor-element-264c314c\" data-id=\"264c314c\" data-element_type=\"column\">\n\t\t\t<div class=\"elementor-widget-wrap elementor-element-populated\">\n\t\t\t\t\t\t\t\t<div class=\"elementor-element elementor-element-71765b8b titular elementor-widget elementor-widget-heading\" data-id=\"71765b8b\" data-element_type=\"widget\" data-widget_type=\"heading.default\">\n\t\t\t\t<div class=\"elementor-widget-container\">\n\t\t\t<h1 class=\"elementor-heading-title elementor-size-default\">Reservar visita guiada<\/h1>\t\t<\/div>\n\t\t\t\t<\/div>\n\t\t\t\t\t<\/div>\n\t\t<\/div>\n\t\t\t\t\t\t\t<\/div>\n\t\t<\/section>\n\t\t\t\t<section class=\"elementor-section elementor-top-section elementor-element elementor-element-ec81a91 elementor-section-content-top elementor-section-boxed elementor-section-height-default elementor-section-height-default\" data-id=\"ec81a91\" data-element_type=\"section\">\n\t\t\t\t\t\t<div class=\"elementor-container elementor-column-gap-wider\">\n\t\t\t\t\t<div class=\"elementor-column elementor-col-50 elementor-top-column elementor-element elementor-element-a839cb1\" data-id=\"a839cb1\" data-element_type=\"column\" data-settings=\"{&quot;background_background&quot;:&quot;classic&quot;}\">\n\t\t\t<div class=\"elementor-widget-wrap elementor-element-populated\">\n\t\t\t\t\t\t\t\t<div class=\"elementor-element elementor-element-12a226a titular elementor-widget elementor-widget-heading\" data-id=\"12a226a\" data-element_type=\"widget\" data-widget_type=\"heading.default\">\n\t\t\t\t<div class=\"elementor-widget-container\">\n\t\t\t<h1 class=\"elementor-heading-title elementor-size-default\">Preus<\/h1>\t\t<\/div>\n\t\t\t\t<\/div>\n\t\t\t\t<div class=\"elementor-element elementor-element-f72f1e9 elementor-widget-divider--view-line elementor-widget elementor-widget-divider\" data-id=\"f72f1e9\" data-element_type=\"widget\" data-widget_type=\"divider.default\">\n\t\t\t\t<div class=\"elementor-widget-container\">\n\t\t\t\t\t<div class=\"elementor-divider\">\n\t\t\t<span class=\"elementor-divider-separator\">\n\t\t\t\t\t\t<\/span>\n\t\t<\/div>\n\t\t\t\t<\/div>\n\t\t\t\t<\/div>\n\t\t\t\t<div class=\"elementor-element elementor-element-b2c152a elementor-widget elementor-widget-text-editor\" data-id=\"b2c152a\" data-element_type=\"widget\" data-widget_type=\"text-editor.default\">\n\t\t\t\t<div class=\"elementor-widget-container\">\n\t\t\t\t\t\t\t<p><strong>Adults:<\/strong> 25 \u20ac<\/p><p><strong>Nins:<\/strong> 10 \u20ac (de 4 fins a 14 anys)<\/p><p><strong>Inclou:<\/strong> Visita i degustaci\u00f3 de productes locals de la fam\u00edlia.<\/p><p><strong>La visita di\u00e0ria \u00e9s a les 12:00 nom\u00e9s en angl\u00e8s.<\/strong> Es poden organitzar visites en altres idiomes si hi ha un nombre suficient de participants i es demanen amb antelaci\u00f3.<\/p><p>La visita es fa a la casa, al jard\u00ed i a la tafona.<\/p><p><strong>Durada de la visita:<\/strong> 1 hora (aprox).<\/p>\t\t\t\t\t\t<\/div>\n\t\t\t\t<\/div>\n\t\t\t\t<div class=\"elementor-element elementor-element-d525492 elementor-widget__width-auto elementor-widget elementor-widget-button\" data-id=\"d525492\" data-element_type=\"widget\" data-widget_type=\"button.default\">\n\t\t\t\t<div class=\"elementor-widget-container\">\n\t\t\t\t\t<div class=\"elementor-button-wrapper\">\n\t\t\t<a href=\"https:\/\/candet.es\/ca\/visites\/\" target=\"_blank\" class=\"elementor-button-link elementor-button elementor-size-sm\" role=\"button\">\n\t\t\t\t\t\t<span class=\"elementor-button-content-wrapper\">\n\t\t\t\t\t\t\t<span class=\"elementor-button-icon elementor-align-icon-left\">\n\t\t\t\t<i aria-hidden=\"true\" class=\"fas fa-info-circle\"><\/i>\t\t\t<\/span>\n\t\t\t\t\t\t<span class=\"elementor-button-text\">INFORMACI\u00d3 DE VISITES<\/span>\n\t\t<\/span>\n\t\t\t\t\t<\/a>\n\t\t<\/div>\n\t\t\t\t<\/div>\n\t\t\t\t<\/div>\n\t\t\t\t<div class=\"elementor-element elementor-element-0d106cd elementor-widget elementor-widget-spacer\" data-id=\"0d106cd\" data-element_type=\"widget\" data-widget_type=\"spacer.default\">\n\t\t\t\t<div class=\"elementor-widget-container\">\n\t\t\t\t\t<div class=\"elementor-spacer\">\n\t\t\t<div class=\"elementor-spacer-inner\"><\/div>\n\t\t<\/div>\n\t\t\t\t<\/div>\n\t\t\t\t<\/div>\n\t\t\t\t\t<\/div>\n\t\t<\/div>\n\t\t\t\t<div class=\"elementor-column elementor-col-50 elementor-top-column elementor-element elementor-element-f94c5c4\" data-id=\"f94c5c4\" data-element_type=\"column\" data-settings=\"{&quot;background_background&quot;:&quot;classic&quot;}\">\n\t\t\t<div class=\"elementor-widget-wrap elementor-element-populated\">\n\t\t\t\t\t\t\t\t<div class=\"elementor-element elementor-element-073031e titular elementor-widget elementor-widget-heading\" data-id=\"073031e\" data-element_type=\"widget\" data-widget_type=\"heading.default\">\n\t\t\t\t<div class=\"elementor-widget-container\">\n\t\t\t<h1 class=\"elementor-heading-title elementor-size-default\">Reserves i informaci\u00f3<\/h1>\t\t<\/div>\n\t\t\t\t<\/div>\n\t\t\t\t<div class=\"elementor-element elementor-element-b779dc9 elementor-widget-divider--view-line elementor-widget elementor-widget-divider\" data-id=\"b779dc9\" data-element_type=\"widget\" data-widget_type=\"divider.default\">\n\t\t\t\t<div class=\"elementor-widget-container\">\n\t\t\t\t\t<div class=\"elementor-divider\">\n\t\t\t<span class=\"elementor-divider-separator\">\n\t\t\t\t\t\t<\/span>\n\t\t<\/div>\n\t\t\t\t<\/div>\n\t\t\t\t<\/div>\n\t\t\t\t<section class=\"elementor-section elementor-inner-section elementor-element elementor-element-c95ea4f elementor-section-boxed elementor-section-height-default elementor-section-height-default\" data-id=\"c95ea4f\" data-element_type=\"section\">\n\t\t\t\t\t\t<div class=\"elementor-container elementor-column-gap-default\">\n\t\t\t\t\t<div class=\"elementor-column elementor-col-100 elementor-inner-column elementor-element elementor-element-68d55c2\" data-id=\"68d55c2\" data-element_type=\"column\">\n\t\t\t<div class=\"elementor-widget-wrap elementor-element-populated\">\n\t\t\t\t\t\t\t\t<div class=\"elementor-element elementor-element-d9a9ee8 elementor-icon-list--layout-traditional elementor-list-item-link-full_width elementor-widget elementor-widget-icon-list\" data-id=\"d9a9ee8\" data-element_type=\"widget\" data-widget_type=\"icon-list.default\">\n\t\t\t\t<div class=\"elementor-widget-container\">\n\t\t\t\t\t<ul class=\"elementor-icon-list-items\">\n\t\t\t\t\t\t\t<li class=\"elementor-icon-list-item\">\n\t\t\t\t\t\t\t\t\t\t\t<a href=\"tel:+34%20639%20350%20577\">\n\n\t\t\t\t\t\t\t\t\t\t\t\t<span class=\"elementor-icon-list-icon\">\n\t\t\t\t\t\t\t<i aria-hidden=\"true\" class=\"fas fa-phone-alt\"><\/i>\t\t\t\t\t\t<\/span>\n\t\t\t\t\t\t\t\t\t\t<span class=\"elementor-icon-list-text\">+34 639 350 577<\/span>\n\t\t\t\t\t\t\t\t\t\t\t<\/a>\n\t\t\t\t\t\t\t\t\t<\/li>\n\t\t\t\t\t\t\t\t<li class=\"elementor-icon-list-item\">\n\t\t\t\t\t\t\t\t\t\t\t<a href=\"https:\/\/wa.me\/+34639350577\">\n\n\t\t\t\t\t\t\t\t\t\t\t\t<span class=\"elementor-icon-list-icon\">\n\t\t\t\t\t\t\t<i aria-hidden=\"true\" class=\"fab fa-whatsapp\"><\/i>\t\t\t\t\t\t<\/span>\n\t\t\t\t\t\t\t\t\t\t<span class=\"elementor-icon-list-text\">+34 639 350 577<\/span>\n\t\t\t\t\t\t\t\t\t\t\t<\/a>\n\t\t\t\t\t\t\t\t\t<\/li>\n\t\t\t\t\t\t\t\t<li class=\"elementor-icon-list-item\">\n\t\t\t\t\t\t\t\t\t\t\t<a href=\"mailto:tomeudet@gmail.com\">\n\n\t\t\t\t\t\t\t\t\t\t\t\t<span class=\"elementor-icon-list-icon\">\n\t\t\t\t\t\t\t<i aria-hidden=\"true\" class=\"far fa-envelope\"><\/i>\t\t\t\t\t\t<\/span>\n\t\t\t\t\t\t\t\t\t\t<span class=\"elementor-icon-list-text\">tomeudet@gmail.com<\/span>\n\t\t\t\t\t\t\t\t\t\t\t<\/a>\n\t\t\t\t\t\t\t\t\t<\/li>\n\t\t\t\t\t\t<\/ul>\n\t\t\t\t<\/div>\n\t\t\t\t<\/div>\n\t\t\t\t\t<\/div>\n\t\t<\/div>\n\t\t\t\t\t\t\t<\/div>\n\t\t<\/section>\n\t\t\t\t<div class=\"elementor-element elementor-element-a83fa3a elementor-widget elementor-widget-spacer\" data-id=\"a83fa3a\" data-element_type=\"widget\" data-widget_type=\"spacer.default\">\n\t\t\t\t<div class=\"elementor-widget-container\">\n\t\t\t\t\t<div class=\"elementor-spacer\">\n\t\t\t<div class=\"elementor-spacer-inner\"><\/div>\n\t\t<\/div>\n\t\t\t\t<\/div>\n\t\t\t\t<\/div>\n\t\t\t\t<div class=\"elementor-element elementor-element-0e18ad6 elementor-widget elementor-widget-text-editor\" data-id=\"0e18ad6\" data-element_type=\"widget\" data-widget_type=\"text-editor.default\">\n\t\t\t\t<div class=\"elementor-widget-container\">\n\t\t\t\t\t\t\t<p><strong>Parlem angl\u00e8s i alemany.<\/strong><\/p>\t\t\t\t\t\t<\/div>\n\t\t\t\t<\/div>\n\t\t\t\t<div class=\"elementor-element elementor-element-a2fdee0 elementor-widget elementor-widget-text-editor\" data-id=\"a2fdee0\" data-element_type=\"widget\" data-widget_type=\"text-editor.default\">\n\t\t\t\t<div class=\"elementor-widget-container\">\n\t\t\t\t\t\t\t<p>Si heu fet la reserva i no podeu acudir a la visita agrair\u00edem que ens ho comuniquessin amb antelaci\u00f3.<\/p>\t\t\t\t\t\t<\/div>\n\t\t\t\t<\/div>\n\t\t\t\t<div class=\"elementor-element elementor-element-0de00f4 elementor-widget elementor-widget-spacer\" data-id=\"0de00f4\" data-element_type=\"widget\" data-widget_type=\"spacer.default\">\n\t\t\t\t<div class=\"elementor-widget-container\">\n\t\t\t\t\t<div class=\"elementor-spacer\">\n\t\t\t<div class=\"elementor-spacer-inner\"><\/div>\n\t\t<\/div>\n\t\t\t\t<\/div>\n\t\t\t\t<\/div>\n\t\t\t\t\t<\/div>\n\t\t<\/div>\n\t\t\t\t\t\t\t<\/div>\n\t\t<\/section>\n\t\t\t\t\t\t\t<\/div>\n\t\t","protected":false},"excerpt":{"rendered":"<p>Reservar visita guiada Preus Adults: 25 \u20ac Nins: 10 \u20ac (de 4 fins a 14 anys) Inclou: Visita i degustaci\u00f3 de productes locals de la fam\u00edlia. La visita di\u00e0ria \u00e9s a les 12:00 nom\u00e9s en angl\u00e8s. Es poden organitzar visites en altres idiomes si hi ha un nombre suficient de participants i es demanen amb [&hellip;]<\/p>\n","protected":false},"author":1,"featured_media":0,"parent":0,"menu_order":0,"comment_status":"closed","ping_status":"closed","template":"page-interior-cabecerahorizontal.php","meta":{"inline_featured_image":false,"footnotes":""},"class_list":["post-1226","page","type-page","status-publish","hentry"],"yoast_head":"<!-- This site is optimized with the Yoast SEO plugin v24.6 - https:\/\/yoast.com\/wordpress\/plugins\/seo\/ -->\n<title>Reservar visita - Can Det<\/title>\n<meta name=\"robots\" content=\"index, follow, max-snippet:-1, max-image-preview:large, max-video-preview:-1\" \/>\n<link rel=\"canonical\" href=\"https:\/\/candet.es\/ca\/reservar-visita\/\" \/>\n<meta property=\"og:locale\" content=\"ca_ES\" \/>\n<meta property=\"og:type\" content=\"article\" \/>\n<meta property=\"og:title\" content=\"Reservar visita - Can Det\" \/>\n<meta property=\"og:description\" content=\"Reservar visita guiada Preus Adults: 25 \u20ac Nins: 10 \u20ac (de 4 fins a 14 anys) Inclou: Visita i degustaci\u00f3 de productes locals de la fam\u00edlia. La visita di\u00e0ria \u00e9s a les 12:00 nom\u00e9s en angl\u00e8s. Es poden organitzar visites en altres idiomes si hi ha un nombre suficient de participants i es demanen amb [&hellip;]\" \/>\n<meta property=\"og:url\" content=\"https:\/\/candet.es\/ca\/reservar-visita\/\" \/>\n<meta property=\"og:site_name\" content=\"Can Det\" \/>\n<meta property=\"article:modified_time\" content=\"2025-01-30T08:08:59+00:00\" \/>\n<meta name=\"twitter:card\" content=\"summary_large_image\" \/>\n<meta name=\"twitter:label1\" content=\"Temps estimat de lectura\" \/>\n\t<meta name=\"twitter:data1\" content=\"1 minut\" \/>\n<script type=\"application\/ld+json\" class=\"yoast-schema-graph\">{\"@context\":\"https:\/\/schema.org\",\"@graph\":[{\"@type\":\"WebPage\",\"@id\":\"https:\/\/candet.es\/ca\/reservar-visita\/\",\"url\":\"https:\/\/candet.es\/ca\/reservar-visita\/\",\"name\":\"Reservar visita - Can Det\",\"isPartOf\":{\"@id\":\"https:\/\/candet.es\/ca\/#website\"},\"datePublished\":\"2021-10-13T09:09:29+00:00\",\"dateModified\":\"2025-01-30T08:08:59+00:00\",\"breadcrumb\":{\"@id\":\"https:\/\/candet.es\/ca\/reservar-visita\/#breadcrumb\"},\"inLanguage\":\"ca\",\"potentialAction\":[{\"@type\":\"ReadAction\",\"target\":[\"https:\/\/candet.es\/ca\/reservar-visita\/\"]}]},{\"@type\":\"BreadcrumbList\",\"@id\":\"https:\/\/candet.es\/ca\/reservar-visita\/#breadcrumb\",\"itemListElement\":[{\"@type\":\"ListItem\",\"position\":1,\"name\":\"Portada\",\"item\":\"https:\/\/candet.es\/ca\/\"},{\"@type\":\"ListItem\",\"position\":2,\"name\":\"Reservar visita\"}]},{\"@type\":\"WebSite\",\"@id\":\"https:\/\/candet.es\/ca\/#website\",\"url\":\"https:\/\/candet.es\/ca\/\",\"name\":\"Can Det\",\"description\":\"Visitas Guiadas S\u00f3ller\",\"potentialAction\":[{\"@type\":\"SearchAction\",\"target\":{\"@type\":\"EntryPoint\",\"urlTemplate\":\"https:\/\/candet.es\/ca\/?s={search_term_string}\"},\"query-input\":{\"@type\":\"PropertyValueSpecification\",\"valueRequired\":true,\"valueName\":\"search_term_string\"}}],\"inLanguage\":\"ca\"}]}<\/script>\n<!-- \/ Yoast SEO plugin. -->","yoast_head_json":{"title":"Reservar visita - Can Det","robots":{"index":"index","follow":"follow","max-snippet":"max-snippet:-1","max-image-preview":"max-image-preview:large","max-video-preview":"max-video-preview:-1"},"canonical":"https:\/\/candet.es\/ca\/reservar-visita\/","og_locale":"ca_ES","og_type":"article","og_title":"Reservar visita - Can Det","og_description":"Reservar visita guiada Preus Adults: 25 \u20ac Nins: 10 \u20ac (de 4 fins a 14 anys) Inclou: Visita i degustaci\u00f3 de productes locals de la fam\u00edlia. La visita di\u00e0ria \u00e9s a les 12:00 nom\u00e9s en angl\u00e8s. Es poden organitzar visites en altres idiomes si hi ha un nombre suficient de participants i es demanen amb [&hellip;]","og_url":"https:\/\/candet.es\/ca\/reservar-visita\/","og_site_name":"Can Det","article_modified_time":"2025-01-30T08:08:59+00:00","twitter_card":"summary_large_image","twitter_misc":{"Temps estimat de lectura":"1 minut"},"schema":{"@context":"https:\/\/schema.org","@graph":[{"@type":"WebPage","@id":"https:\/\/candet.es\/ca\/reservar-visita\/","url":"https:\/\/candet.es\/ca\/reservar-visita\/","name":"Reservar visita - Can Det","isPartOf":{"@id":"https:\/\/candet.es\/ca\/#website"},"datePublished":"2021-10-13T09:09:29+00:00","dateModified":"2025-01-30T08:08:59+00:00","breadcrumb":{"@id":"https:\/\/candet.es\/ca\/reservar-visita\/#breadcrumb"},"inLanguage":"ca","potentialAction":[{"@type":"ReadAction","target":["https:\/\/candet.es\/ca\/reservar-visita\/"]}]},{"@type":"BreadcrumbList","@id":"https:\/\/candet.es\/ca\/reservar-visita\/#breadcrumb","itemListElement":[{"@type":"ListItem","position":1,"name":"Portada","item":"https:\/\/candet.es\/ca\/"},{"@type":"ListItem","position":2,"name":"Reservar visita"}]},{"@type":"WebSite","@id":"https:\/\/candet.es\/ca\/#website","url":"https:\/\/candet.es\/ca\/","name":"Can Det","description":"Visitas Guiadas S\u00f3ller","potentialAction":[{"@type":"SearchAction","target":{"@type":"EntryPoint","urlTemplate":"https:\/\/candet.es\/ca\/?s={search_term_string}"},"query-input":{"@type":"PropertyValueSpecification","valueRequired":true,"valueName":"search_term_string"}}],"inLanguage":"ca"}]}},"_links":{"self":[{"href":"https:\/\/candet.es\/ca\/wp-json\/wp\/v2\/pages\/1226","targetHints":{"allow":["GET"]}}],"collection":[{"href":"https:\/\/candet.es\/ca\/wp-json\/wp\/v2\/pages"}],"about":[{"href":"https:\/\/candet.es\/ca\/wp-json\/wp\/v2\/types\/page"}],"author":[{"embeddable":true,"href":"https:\/\/candet.es\/ca\/wp-json\/wp\/v2\/users\/1"}],"replies":[{"embeddable":true,"href":"https:\/\/candet.es\/ca\/wp-json\/wp\/v2\/comments?post=1226"}],"version-history":[{"count":36,"href":"https:\/\/candet.es\/ca\/wp-json\/wp\/v2\/pages\/1226\/revisions"}],"predecessor-version":[{"id":1943,"href":"https:\/\/candet.es\/ca\/wp-json\/wp\/v2\/pages\/1226\/revisions\/1943"}],"wp:attachment":[{"href":"https:\/\/candet.es\/ca\/wp-json\/wp\/v2\/media?parent=1226"}],"curies":[{"name":"wp","href":"https:\/\/api.w.org\/{rel}","templated":true}]}}