{"id":1240,"date":"2021-06-07T12:11:56","date_gmt":"2021-06-07T12:11:56","guid":{"rendered":"https:\/\/candet.es\/inicio\/"},"modified":"2026-04-29T09:49:56","modified_gmt":"2026-04-29T09:49:56","slug":"inicio","status":"publish","type":"page","link":"https:\/\/candet.es\/ca\/","title":{"rendered":"Inicio"},"content":{"rendered":"\t\t<div data-elementor-type=\"wp-page\" data-elementor-id=\"1240\" class=\"elementor elementor-1240 elementor-2\">\n\t\t\t\t\t\t<section class=\"elementor-section elementor-top-section elementor-element elementor-element-50ac24d6 elementor-section-full_width elementor-section-stretched elementor-section-height-default elementor-section-height-default\" data-id=\"50ac24d6\" data-element_type=\"section\" data-e-type=\"section\" data-settings=\"{&quot;stretch_section&quot;:&quot;section-stretched&quot;}\">\n\t\t\t\t\t\t<div class=\"elementor-container elementor-column-gap-no\">\n\t\t\t\t\t<div class=\"elementor-column elementor-col-100 elementor-top-column elementor-element elementor-element-276d6875\" data-id=\"276d6875\" data-element_type=\"column\" data-e-type=\"column\">\n\t\t\t<div class=\"elementor-widget-wrap elementor-element-populated\">\n\t\t\t\t\t\t<div class=\"elementor-element elementor-element-639b8ca elementor-widget elementor-widget-html\" data-id=\"639b8ca\" data-element_type=\"widget\" data-e-type=\"widget\" data-widget_type=\"html.default\">\n\t\t\t\t<div class=\"elementor-widget-container\">\n\t\t\t\t\t    <div id=\"redes\"><a href=\"#\"><i class=\"fab fa-facebook-f\"><\/i><\/a><br><a href=\"#\"><i class=\"fab fa-instagram\"><\/i><\/a><\/div>\r\n\t<!--<div id=\"telefono\">Tel.: <a href=\"tel:+34 971 000 000\">+34 971 000 000<\/a><\/div>-->\r\n\t<!--\r\n<div id=\"idiomas\"><a href=\"http:\/\/candet.es\/\">esp<\/a>  \u00b7  <a href=\"http:\/\/candet.es\/ca\/\">cat<\/a>  \u00b7  <a href=\"http:\/\/candet.es\/en\/\">eng<\/a>  \u00b7  <a href=\"http:\/\/candet.es\/de\/\">deu<\/a><\/div>\r\n-->\r\n\r\n\t<div class=\"main_container\">\r\n\t\t\r\n\t<div class=\"portfolio\">\r\n\t\t<div id=\"show1\"><a href=\"http:\/\/candet.es\/historia\/\">Historia<\/a><\/div>\r\n\t\t<div id=\"show2\"><a href=\"http:\/\/candet.es\/espacios\/\">Espacios<\/a><\/div>\r\n\t\t<div id=\"show3\"><a href=\"http:\/\/candet.es\/visitas\/\">Visitas<\/a><\/div>\r\n\t\t<div id=\"show4\"><a href=\"http:\/\/candet.es\/tienda-online\/\">Tienda<\/a><\/div>\r\n\t<\/div>\r\n\t<!--fotos-->\r\n\t<div id=\"image1\">\r\n\t\t<div class=\"centrado\">\r\n\t\t\t<span class=\"titularhome\">CAN DET<\/span><br><span class=\"frasehome\">La historia de una casa y una familia<\/span>\r\n\t\t<\/div>\r\n\t<\/div>\r\n\t<div id=\"image2\">\r\n\t\t<div class=\"centrado\">\r\n\t\t\t<span class=\"titularhome\">CAN DET<\/span><br><span class=\"frasehome\">Espacios con mucha vida por descubrir<\/span>\r\n\t\t<\/div>\r\n\t<\/div>\r\n\t<div id=\"image3\">\r\n\t\t<div class=\"centrado\">\r\n\t\t\t<span class=\"titularhome\">CAN DET<\/span><br><span class=\"frasehome\">Titular de visitas a los lugares<\/span>\r\n\t\t<\/div>\r\n\t<\/div>\r\n\t<div id=\"image4\">\r\n\t\t<div class=\"centrado\">\r\n\t\t\t<span class=\"titularhome\">CAN DET<\/span><br><span class=\"frasehome\">Espacios con mucha vida por descubrir<\/span>\r\n\t\t<\/div>\t\t\r\n\t<\/div>\r\n<\/div>\r\n\r\n<div id=\"fotofondo\">&nbsp;<\/div>\t\t\t\t<\/div>\n\t\t\t\t<\/div>\n\t\t\t\t\t<\/div>\n\t\t<\/div>\n\t\t\t\t\t<\/div>\n\t\t<\/section>\n\t\t\t\t<\/div>\n\t\t","protected":false},"excerpt":{"rendered":"<p>Historia Espacios Visitas Tienda CAN DET La historia de una casa y una familia CAN DET Espacios con mucha vida por descubrir CAN DET Titular de visitas a los lugares CAN DET Espacios con mucha vida por descubrir<\/p>\n","protected":false},"author":1,"featured_media":0,"parent":0,"menu_order":0,"comment_status":"closed","ping_status":"closed","template":"page-home.php","meta":{"inline_featured_image":false,"footnotes":""},"class_list":["post-1240","page","type-page","status-publish","hentry"],"yoast_head":"<!-- This site is optimized with the Yoast SEO plugin v27.4 - https:\/\/yoast.com\/product\/yoast-seo-wordpress\/ -->\n<title>CAN DET | Visites guiades, hist\u00f2ria i productes artesans a S\u00f3ller<\/title>\n<meta name=\"description\" content=\"Descobreix Can Det a S\u00f3ller: una casa hist\u00f2rica amb visites guiades, espais amb encant i botiga de productes artesans elaborats per la nostra fam\u00edlia.\" \/>\n<meta name=\"robots\" content=\"index, follow, max-snippet:-1, max-image-preview:large, max-video-preview:-1\" \/>\n<link rel=\"canonical\" href=\"https:\/\/candet.es\/ca\/\" \/>\n<meta property=\"og:locale\" content=\"ca_ES\" \/>\n<meta property=\"og:type\" content=\"article\" \/>\n<meta property=\"og:title\" content=\"CAN DET | Visites guiades, hist\u00f2ria i productes artesans a S\u00f3ller\" \/>\n<meta property=\"og:description\" content=\"Descobreix Can Det a S\u00f3ller: una casa hist\u00f2rica amb visites guiades, espais amb encant i botiga de productes artesans elaborats per la nostra fam\u00edlia.\" \/>\n<meta property=\"og:url\" content=\"https:\/\/candet.es\/ca\/\" \/>\n<meta property=\"og:site_name\" content=\"Can Det\" \/>\n<meta property=\"article:modified_time\" content=\"2026-04-29T09:49:56+00:00\" \/>\n<meta name=\"twitter:card\" content=\"summary_large_image\" \/>\n<meta name=\"twitter:label1\" content=\"Temps estimat de lectura\" \/>\n\t<meta name=\"twitter:data1\" content=\"1 minut\" \/>\n<script type=\"application\/ld+json\" class=\"yoast-schema-graph\">{\"@context\":\"https:\\\/\\\/schema.org\",\"@graph\":[{\"@type\":\"WebPage\",\"@id\":\"https:\\\/\\\/candet.es\\\/ca\\\/\",\"url\":\"https:\\\/\\\/candet.es\\\/ca\\\/\",\"name\":\"CAN DET | Visites guiades, hist\u00f2ria i productes artesans a S\u00f3ller\",\"isPartOf\":{\"@id\":\"https:\\\/\\\/candet.es\\\/ca\\\/#website\"},\"datePublished\":\"2021-06-07T12:11:56+00:00\",\"dateModified\":\"2026-04-29T09:49:56+00:00\",\"description\":\"Descobreix Can Det a S\u00f3ller: una casa hist\u00f2rica amb visites guiades, espais amb encant i botiga de productes artesans elaborats per la nostra fam\u00edlia.\",\"breadcrumb\":{\"@id\":\"https:\\\/\\\/candet.es\\\/ca\\\/#breadcrumb\"},\"inLanguage\":\"ca\",\"potentialAction\":[{\"@type\":\"ReadAction\",\"target\":[\"https:\\\/\\\/candet.es\\\/ca\\\/\"]}]},{\"@type\":\"BreadcrumbList\",\"@id\":\"https:\\\/\\\/candet.es\\\/ca\\\/#breadcrumb\",\"itemListElement\":[{\"@type\":\"ListItem\",\"position\":1,\"name\":\"Portada\",\"item\":\"https:\\\/\\\/candet.es\\\/ca\\\/\"},{\"@type\":\"ListItem\",\"position\":2,\"name\":\"Inicio\"}]},{\"@type\":\"WebSite\",\"@id\":\"https:\\\/\\\/candet.es\\\/ca\\\/#website\",\"url\":\"https:\\\/\\\/candet.es\\\/ca\\\/\",\"name\":\"Can Det\",\"description\":\"Visitas Guiadas S\u00f3ller\",\"potentialAction\":[{\"@type\":\"SearchAction\",\"target\":{\"@type\":\"EntryPoint\",\"urlTemplate\":\"https:\\\/\\\/candet.es\\\/ca\\\/?s={search_term_string}\"},\"query-input\":{\"@type\":\"PropertyValueSpecification\",\"valueRequired\":true,\"valueName\":\"search_term_string\"}}],\"inLanguage\":\"ca\"}]}<\/script>\n<!-- \/ Yoast SEO plugin. -->","yoast_head_json":{"title":"CAN DET | Visites guiades, hist\u00f2ria i productes artesans a S\u00f3ller","description":"Descobreix Can Det a S\u00f3ller: una casa hist\u00f2rica amb visites guiades, espais amb encant i botiga de productes artesans elaborats per la nostra fam\u00edlia.","robots":{"index":"index","follow":"follow","max-snippet":"max-snippet:-1","max-image-preview":"max-image-preview:large","max-video-preview":"max-video-preview:-1"},"canonical":"https:\/\/candet.es\/ca\/","og_locale":"ca_ES","og_type":"article","og_title":"CAN DET | Visites guiades, hist\u00f2ria i productes artesans a S\u00f3ller","og_description":"Descobreix Can Det a S\u00f3ller: una casa hist\u00f2rica amb visites guiades, espais amb encant i botiga de productes artesans elaborats per la nostra fam\u00edlia.","og_url":"https:\/\/candet.es\/ca\/","og_site_name":"Can Det","article_modified_time":"2026-04-29T09:49:56+00:00","twitter_card":"summary_large_image","twitter_misc":{"Temps estimat de lectura":"1 minut"},"schema":{"@context":"https:\/\/schema.org","@graph":[{"@type":"WebPage","@id":"https:\/\/candet.es\/ca\/","url":"https:\/\/candet.es\/ca\/","name":"CAN DET | Visites guiades, hist\u00f2ria i productes artesans a S\u00f3ller","isPartOf":{"@id":"https:\/\/candet.es\/ca\/#website"},"datePublished":"2021-06-07T12:11:56+00:00","dateModified":"2026-04-29T09:49:56+00:00","description":"Descobreix Can Det a S\u00f3ller: una casa hist\u00f2rica amb visites guiades, espais amb encant i botiga de productes artesans elaborats per la nostra fam\u00edlia.","breadcrumb":{"@id":"https:\/\/candet.es\/ca\/#breadcrumb"},"inLanguage":"ca","potentialAction":[{"@type":"ReadAction","target":["https:\/\/candet.es\/ca\/"]}]},{"@type":"BreadcrumbList","@id":"https:\/\/candet.es\/ca\/#breadcrumb","itemListElement":[{"@type":"ListItem","position":1,"name":"Portada","item":"https:\/\/candet.es\/ca\/"},{"@type":"ListItem","position":2,"name":"Inicio"}]},{"@type":"WebSite","@id":"https:\/\/candet.es\/ca\/#website","url":"https:\/\/candet.es\/ca\/","name":"Can Det","description":"Visitas Guiadas S\u00f3ller","potentialAction":[{"@type":"SearchAction","target":{"@type":"EntryPoint","urlTemplate":"https:\/\/candet.es\/ca\/?s={search_term_string}"},"query-input":{"@type":"PropertyValueSpecification","valueRequired":true,"valueName":"search_term_string"}}],"inLanguage":"ca"}]}},"_links":{"self":[{"href":"https:\/\/candet.es\/ca\/wp-json\/wp\/v2\/pages\/1240","targetHints":{"allow":["GET"]}}],"collection":[{"href":"https:\/\/candet.es\/ca\/wp-json\/wp\/v2\/pages"}],"about":[{"href":"https:\/\/candet.es\/ca\/wp-json\/wp\/v2\/types\/page"}],"author":[{"embeddable":true,"href":"https:\/\/candet.es\/ca\/wp-json\/wp\/v2\/users\/1"}],"replies":[{"embeddable":true,"href":"https:\/\/candet.es\/ca\/wp-json\/wp\/v2\/comments?post=1240"}],"version-history":[{"count":2,"href":"https:\/\/candet.es\/ca\/wp-json\/wp\/v2\/pages\/1240\/revisions"}],"predecessor-version":[{"id":1999,"href":"https:\/\/candet.es\/ca\/wp-json\/wp\/v2\/pages\/1240\/revisions\/1999"}],"wp:attachment":[{"href":"https:\/\/candet.es\/ca\/wp-json\/wp\/v2\/media?parent=1240"}],"curies":[{"name":"wp","href":"https:\/\/api.w.org\/{rel}","templated":true}]}}