{"id":1280,"date":"2021-06-16T12:30:54","date_gmt":"2021-06-16T12:30:54","guid":{"rendered":"https:\/\/candet.es\/tenda\/cabecera-tienda\/"},"modified":"2021-11-05T12:07:43","modified_gmt":"2021-11-05T12:07:43","slug":"cabecera-tienda","status":"publish","type":"page","link":"https:\/\/candet.es\/ca\/tenda-online\/cabecera-tienda\/","title":{"rendered":"Cabecera Tienda"},"content":{"rendered":"\t\t<div data-elementor-type=\"wp-page\" data-elementor-id=\"1280\" class=\"elementor elementor-1280 elementor-125\">\n\t\t\t\t\t\t\t\t\t<section class=\"elementor-section elementor-top-section elementor-element elementor-element-c780928 elementor-section-height-min-height elementor-section-boxed elementor-section-height-default elementor-section-items-middle\" data-id=\"c780928\" data-element_type=\"section\" data-settings=\"{&quot;background_background&quot;:&quot;classic&quot;}\">\n\t\t\t\t\t\t\t<div class=\"elementor-background-overlay\"><\/div>\n\t\t\t\t\t\t\t<div class=\"elementor-container elementor-column-gap-default\">\n\t\t\t\t\t<div class=\"elementor-column elementor-col-100 elementor-top-column elementor-element elementor-element-8debebc\" data-id=\"8debebc\" data-element_type=\"column\">\n\t\t\t<div class=\"elementor-widget-wrap elementor-element-populated\">\n\t\t\t\t\t\t\t\t<div class=\"elementor-element elementor-element-efe10b4 titular elementor-widget elementor-widget-heading\" data-id=\"efe10b4\" data-element_type=\"widget\" data-widget_type=\"heading.default\">\n\t\t\t\t<div class=\"elementor-widget-container\">\n\t\t\t<h1 class=\"elementor-heading-title elementor-size-default\">Tenda Online<\/h1>\t\t<\/div>\n\t\t\t\t<\/div>\n\t\t\t\t\t<\/div>\n\t\t<\/div>\n\t\t\t\t\t\t\t<\/div>\n\t\t<\/section>\n\t\t\t\t<section class=\"elementor-section elementor-top-section elementor-element elementor-element-53889885 elementor-section-boxed elementor-section-height-default elementor-section-height-default\" data-id=\"53889885\" data-element_type=\"section\">\n\t\t\t\t\t\t<div class=\"elementor-container elementor-column-gap-default\">\n\t\t\t\t\t<div class=\"elementor-column elementor-col-100 elementor-top-column elementor-element elementor-element-52523ccb\" data-id=\"52523ccb\" data-element_type=\"column\">\n\t\t\t<div class=\"elementor-widget-wrap elementor-element-populated\">\n\t\t\t\t\t\t\t\t<div class=\"elementor-element elementor-element-47d54ff7 elementor-widget elementor-widget-text-editor\" data-id=\"47d54ff7\" data-element_type=\"widget\" data-widget_type=\"text-editor.default\">\n\t\t\t\t<div class=\"elementor-widget-container\">\n\t\t\t\t\t\t\t<p>Tenim els nostres productes a la venta on-line, ja que molts dels visitants que no viuen a Mallorca desitgen adquirir-los.<\/p><p><strong>Pagament mitjan\u00e7ant transfer\u00e8ncia banc\u00e0ria i recollida a la tenda.<\/strong><\/p>\t\t\t\t\t\t<\/div>\n\t\t\t\t<\/div>\n\t\t\t\t<div class=\"elementor-element elementor-element-346d3e0 elementor-widget-divider--view-line elementor-widget elementor-widget-divider\" data-id=\"346d3e0\" data-element_type=\"widget\" data-widget_type=\"divider.default\">\n\t\t\t\t<div class=\"elementor-widget-container\">\n\t\t\t\t\t<div class=\"elementor-divider\">\n\t\t\t<span class=\"elementor-divider-separator\">\n\t\t\t\t\t\t<\/span>\n\t\t<\/div>\n\t\t\t\t<\/div>\n\t\t\t\t<\/div>\n\t\t\t\t\t<\/div>\n\t\t<\/div>\n\t\t\t\t\t\t\t<\/div>\n\t\t<\/section>\n\t\t\t\t\t\t\t<\/div>\n\t\t","protected":false},"excerpt":{"rendered":"<p>Tenda Online Tenim els nostres productes a la venta on-line, ja que molts dels visitants que no viuen a Mallorca desitgen adquirir-los. Pagament mitjan\u00e7ant transfer\u00e8ncia banc\u00e0ria i recollida a la tenda.<\/p>\n","protected":false},"author":1,"featured_media":0,"parent":902,"menu_order":0,"comment_status":"closed","ping_status":"closed","template":"","meta":{"inline_featured_image":false,"footnotes":""},"class_list":["post-1280","page","type-page","status-publish","hentry"],"yoast_head":"<!-- This site is optimized with the Yoast SEO plugin v24.6 - https:\/\/yoast.com\/wordpress\/plugins\/seo\/ -->\n<title>Cabecera Tienda - Can Det<\/title>\n<meta name=\"robots\" content=\"index, follow, max-snippet:-1, max-image-preview:large, max-video-preview:-1\" \/>\n<link rel=\"canonical\" href=\"https:\/\/candet.es\/ca\/tenda-online\/cabecera-tienda\/\" \/>\n<meta property=\"og:locale\" content=\"ca_ES\" \/>\n<meta property=\"og:type\" content=\"article\" \/>\n<meta property=\"og:title\" content=\"Cabecera Tienda - Can Det\" \/>\n<meta property=\"og:description\" content=\"Tenda Online Tenim els nostres productes a la venta on-line, ja que molts dels visitants que no viuen a Mallorca desitgen adquirir-los. Pagament mitjan\u00e7ant transfer\u00e8ncia banc\u00e0ria i recollida a la tenda.\" \/>\n<meta property=\"og:url\" content=\"https:\/\/candet.es\/ca\/tenda-online\/cabecera-tienda\/\" \/>\n<meta property=\"og:site_name\" content=\"Can Det\" \/>\n<meta property=\"article:modified_time\" content=\"2021-11-05T12:07:43+00:00\" \/>\n<meta name=\"twitter:card\" content=\"summary_large_image\" \/>\n<script type=\"application\/ld+json\" class=\"yoast-schema-graph\">{\"@context\":\"https:\/\/schema.org\",\"@graph\":[{\"@type\":\"WebPage\",\"@id\":\"https:\/\/candet.es\/ca\/tenda-online\/cabecera-tienda\/\",\"url\":\"https:\/\/candet.es\/ca\/tenda-online\/cabecera-tienda\/\",\"name\":\"Cabecera Tienda - Can Det\",\"isPartOf\":{\"@id\":\"https:\/\/candet.es\/ca\/#website\"},\"datePublished\":\"2021-06-16T12:30:54+00:00\",\"dateModified\":\"2021-11-05T12:07:43+00:00\",\"breadcrumb\":{\"@id\":\"https:\/\/candet.es\/ca\/tenda-online\/cabecera-tienda\/#breadcrumb\"},\"inLanguage\":\"ca\",\"potentialAction\":[{\"@type\":\"ReadAction\",\"target\":[\"https:\/\/candet.es\/ca\/tenda-online\/cabecera-tienda\/\"]}]},{\"@type\":\"BreadcrumbList\",\"@id\":\"https:\/\/candet.es\/ca\/tenda-online\/cabecera-tienda\/#breadcrumb\",\"itemListElement\":[{\"@type\":\"ListItem\",\"position\":1,\"name\":\"Portada\",\"item\":\"https:\/\/candet.es\/ca\/\"},{\"@type\":\"ListItem\",\"position\":2,\"name\":\"Tenda-online\",\"item\":\"https:\/\/candet.es\/ca\/?page_id=902\"},{\"@type\":\"ListItem\",\"position\":3,\"name\":\"Cabecera Tienda\"}]},{\"@type\":\"WebSite\",\"@id\":\"https:\/\/candet.es\/ca\/#website\",\"url\":\"https:\/\/candet.es\/ca\/\",\"name\":\"Can Det\",\"description\":\"Visitas Guiadas S\u00f3ller\",\"potentialAction\":[{\"@type\":\"SearchAction\",\"target\":{\"@type\":\"EntryPoint\",\"urlTemplate\":\"https:\/\/candet.es\/ca\/?s={search_term_string}\"},\"query-input\":{\"@type\":\"PropertyValueSpecification\",\"valueRequired\":true,\"valueName\":\"search_term_string\"}}],\"inLanguage\":\"ca\"}]}<\/script>\n<!-- \/ Yoast SEO plugin. -->","yoast_head_json":{"title":"Cabecera Tienda - Can Det","robots":{"index":"index","follow":"follow","max-snippet":"max-snippet:-1","max-image-preview":"max-image-preview:large","max-video-preview":"max-video-preview:-1"},"canonical":"https:\/\/candet.es\/ca\/tenda-online\/cabecera-tienda\/","og_locale":"ca_ES","og_type":"article","og_title":"Cabecera Tienda - Can Det","og_description":"Tenda Online Tenim els nostres productes a la venta on-line, ja que molts dels visitants que no viuen a Mallorca desitgen adquirir-los. Pagament mitjan\u00e7ant transfer\u00e8ncia banc\u00e0ria i recollida a la tenda.","og_url":"https:\/\/candet.es\/ca\/tenda-online\/cabecera-tienda\/","og_site_name":"Can Det","article_modified_time":"2021-11-05T12:07:43+00:00","twitter_card":"summary_large_image","schema":{"@context":"https:\/\/schema.org","@graph":[{"@type":"WebPage","@id":"https:\/\/candet.es\/ca\/tenda-online\/cabecera-tienda\/","url":"https:\/\/candet.es\/ca\/tenda-online\/cabecera-tienda\/","name":"Cabecera Tienda - Can Det","isPartOf":{"@id":"https:\/\/candet.es\/ca\/#website"},"datePublished":"2021-06-16T12:30:54+00:00","dateModified":"2021-11-05T12:07:43+00:00","breadcrumb":{"@id":"https:\/\/candet.es\/ca\/tenda-online\/cabecera-tienda\/#breadcrumb"},"inLanguage":"ca","potentialAction":[{"@type":"ReadAction","target":["https:\/\/candet.es\/ca\/tenda-online\/cabecera-tienda\/"]}]},{"@type":"BreadcrumbList","@id":"https:\/\/candet.es\/ca\/tenda-online\/cabecera-tienda\/#breadcrumb","itemListElement":[{"@type":"ListItem","position":1,"name":"Portada","item":"https:\/\/candet.es\/ca\/"},{"@type":"ListItem","position":2,"name":"Tenda-online","item":"https:\/\/candet.es\/ca\/?page_id=902"},{"@type":"ListItem","position":3,"name":"Cabecera Tienda"}]},{"@type":"WebSite","@id":"https:\/\/candet.es\/ca\/#website","url":"https:\/\/candet.es\/ca\/","name":"Can Det","description":"Visitas Guiadas S\u00f3ller","potentialAction":[{"@type":"SearchAction","target":{"@type":"EntryPoint","urlTemplate":"https:\/\/candet.es\/ca\/?s={search_term_string}"},"query-input":{"@type":"PropertyValueSpecification","valueRequired":true,"valueName":"search_term_string"}}],"inLanguage":"ca"}]}},"_links":{"self":[{"href":"https:\/\/candet.es\/ca\/wp-json\/wp\/v2\/pages\/1280","targetHints":{"allow":["GET"]}}],"collection":[{"href":"https:\/\/candet.es\/ca\/wp-json\/wp\/v2\/pages"}],"about":[{"href":"https:\/\/candet.es\/ca\/wp-json\/wp\/v2\/types\/page"}],"author":[{"embeddable":true,"href":"https:\/\/candet.es\/ca\/wp-json\/wp\/v2\/users\/1"}],"replies":[{"embeddable":true,"href":"https:\/\/candet.es\/ca\/wp-json\/wp\/v2\/comments?post=1280"}],"version-history":[{"count":6,"href":"https:\/\/candet.es\/ca\/wp-json\/wp\/v2\/pages\/1280\/revisions"}],"predecessor-version":[{"id":1364,"href":"https:\/\/candet.es\/ca\/wp-json\/wp\/v2\/pages\/1280\/revisions\/1364"}],"up":[{"embeddable":true,"href":"https:\/\/candet.es\/ca\/wp-json\/wp\/v2\/pages\/902"}],"wp:attachment":[{"href":"https:\/\/candet.es\/ca\/wp-json\/wp\/v2\/media?parent=1280"}],"curies":[{"name":"wp","href":"https:\/\/api.w.org\/{rel}","templated":true}]}}