{"id":1228,"date":"2021-10-13T09:09:29","date_gmt":"2021-10-13T09:09:29","guid":{"rendered":"https:\/\/candet.es\/reservar-visita\/"},"modified":"2025-01-30T08:16:21","modified_gmt":"2025-01-30T08:16:21","slug":"besuch-buchen","status":"publish","type":"page","link":"https:\/\/candet.es\/de\/besuch-buchen\/","title":{"rendered":"Besuch Buchen"},"content":{"rendered":"\t\t<div data-elementor-type=\"wp-page\" data-elementor-id=\"1228\" class=\"elementor elementor-1228 elementor-398\">\n\t\t\t\t\t\t\t\t\t<section class=\"elementor-section elementor-top-section elementor-element elementor-element-5e42daa5 elementor-section-height-min-height elementor-section-boxed elementor-section-height-default elementor-section-items-middle\" data-id=\"5e42daa5\" data-element_type=\"section\" data-settings=\"{&quot;background_background&quot;:&quot;classic&quot;}\">\n\t\t\t\t\t\t\t<div class=\"elementor-background-overlay\"><\/div>\n\t\t\t\t\t\t\t<div class=\"elementor-container elementor-column-gap-default\">\n\t\t\t\t\t<div class=\"elementor-column elementor-col-100 elementor-top-column elementor-element elementor-element-264c314c\" data-id=\"264c314c\" data-element_type=\"column\">\n\t\t\t<div class=\"elementor-widget-wrap elementor-element-populated\">\n\t\t\t\t\t\t\t\t<div class=\"elementor-element elementor-element-71765b8b titular elementor-widget elementor-widget-heading\" data-id=\"71765b8b\" data-element_type=\"widget\" data-widget_type=\"heading.default\">\n\t\t\t\t<div class=\"elementor-widget-container\">\n\t\t\t<h1 class=\"elementor-heading-title elementor-size-default\">Besuch Buchen<\/h1>\t\t<\/div>\n\t\t\t\t<\/div>\n\t\t\t\t\t<\/div>\n\t\t<\/div>\n\t\t\t\t\t\t\t<\/div>\n\t\t<\/section>\n\t\t\t\t<section class=\"elementor-section elementor-top-section elementor-element elementor-element-f813844 elementor-section-content-top elementor-section-boxed elementor-section-height-default elementor-section-height-default\" data-id=\"f813844\" data-element_type=\"section\">\n\t\t\t\t\t\t<div class=\"elementor-container elementor-column-gap-wider\">\n\t\t\t\t\t<div class=\"elementor-column elementor-col-50 elementor-top-column elementor-element elementor-element-899d227\" data-id=\"899d227\" data-element_type=\"column\" data-settings=\"{&quot;background_background&quot;:&quot;classic&quot;}\">\n\t\t\t<div class=\"elementor-widget-wrap elementor-element-populated\">\n\t\t\t\t\t\t\t\t<div class=\"elementor-element elementor-element-ba4f999 titular elementor-widget elementor-widget-heading\" data-id=\"ba4f999\" data-element_type=\"widget\" data-widget_type=\"heading.default\">\n\t\t\t\t<div class=\"elementor-widget-container\">\n\t\t\t<h1 class=\"elementor-heading-title elementor-size-default\">Preise<\/h1>\t\t<\/div>\n\t\t\t\t<\/div>\n\t\t\t\t<div class=\"elementor-element elementor-element-482fc6f elementor-widget-divider--view-line elementor-widget elementor-widget-divider\" data-id=\"482fc6f\" data-element_type=\"widget\" data-widget_type=\"divider.default\">\n\t\t\t\t<div class=\"elementor-widget-container\">\n\t\t\t\t\t<div class=\"elementor-divider\">\n\t\t\t<span class=\"elementor-divider-separator\">\n\t\t\t\t\t\t<\/span>\n\t\t<\/div>\n\t\t\t\t<\/div>\n\t\t\t\t<\/div>\n\t\t\t\t<div class=\"elementor-element elementor-element-3e58ed9 elementor-widget elementor-widget-text-editor\" data-id=\"3e58ed9\" data-element_type=\"widget\" data-widget_type=\"text-editor.default\">\n\t\t\t\t<div class=\"elementor-widget-container\">\n\t\t\t\t\t\t\t<p><strong>Erwachsene:<\/strong> 25 Euro<\/p><p><strong>Kinder<\/strong> (4-14 Jahre): 10 Euro<\/p><p><strong>Der t\u00e4gliche Besuch findet um 12:00 Uhr nur auf Englisch statt.<\/strong> F\u00fchrungen in anderen Sprachen k\u00f6nnen bei ausreichender Teilnehmerzahl und nach vorheriger Anfrage organisiert werden.<\/p><p><strong>Inklusivleistungen:<\/strong> Besuch und Verkostung lokaler Produkte der Familie.<\/p><p>Die F\u00fchrung findet im Haus, Garten und der \u00d6lm\u00fchle statt.<\/p><p><strong>Dauer:<\/strong> ca. 1h<\/p>\t\t\t\t\t\t<\/div>\n\t\t\t\t<\/div>\n\t\t\t\t<div class=\"elementor-element elementor-element-7551f40 elementor-widget__width-auto elementor-widget elementor-widget-button\" data-id=\"7551f40\" data-element_type=\"widget\" data-widget_type=\"button.default\">\n\t\t\t\t<div class=\"elementor-widget-container\">\n\t\t\t\t\t<div class=\"elementor-button-wrapper\">\n\t\t\t<a href=\"https:\/\/candet.es\/de\/besichtigung\/\" target=\"_blank\" class=\"elementor-button-link elementor-button elementor-size-sm\" role=\"button\">\n\t\t\t\t\t\t<span class=\"elementor-button-content-wrapper\">\n\t\t\t\t\t\t\t<span class=\"elementor-button-icon elementor-align-icon-left\">\n\t\t\t\t<i aria-hidden=\"true\" class=\"fas fa-info-circle\"><\/i>\t\t\t<\/span>\n\t\t\t\t\t\t<span class=\"elementor-button-text\">INformationen \u00fcber Besuche<\/span>\n\t\t<\/span>\n\t\t\t\t\t<\/a>\n\t\t<\/div>\n\t\t\t\t<\/div>\n\t\t\t\t<\/div>\n\t\t\t\t<div class=\"elementor-element elementor-element-35b66cf elementor-widget elementor-widget-spacer\" data-id=\"35b66cf\" data-element_type=\"widget\" data-widget_type=\"spacer.default\">\n\t\t\t\t<div class=\"elementor-widget-container\">\n\t\t\t\t\t<div class=\"elementor-spacer\">\n\t\t\t<div class=\"elementor-spacer-inner\"><\/div>\n\t\t<\/div>\n\t\t\t\t<\/div>\n\t\t\t\t<\/div>\n\t\t\t\t\t<\/div>\n\t\t<\/div>\n\t\t\t\t<div class=\"elementor-column elementor-col-50 elementor-top-column elementor-element elementor-element-2e0f20d\" data-id=\"2e0f20d\" data-element_type=\"column\" data-settings=\"{&quot;background_background&quot;:&quot;classic&quot;}\">\n\t\t\t<div class=\"elementor-widget-wrap elementor-element-populated\">\n\t\t\t\t\t\t\t\t<div class=\"elementor-element elementor-element-4d5bd0a titular elementor-widget elementor-widget-heading\" data-id=\"4d5bd0a\" data-element_type=\"widget\" data-widget_type=\"heading.default\">\n\t\t\t\t<div class=\"elementor-widget-container\">\n\t\t\t<h1 class=\"elementor-heading-title elementor-size-default\">Reservierung und Information<\/h1>\t\t<\/div>\n\t\t\t\t<\/div>\n\t\t\t\t<div class=\"elementor-element elementor-element-2854c09 elementor-widget-divider--view-line elementor-widget elementor-widget-divider\" data-id=\"2854c09\" data-element_type=\"widget\" data-widget_type=\"divider.default\">\n\t\t\t\t<div class=\"elementor-widget-container\">\n\t\t\t\t\t<div class=\"elementor-divider\">\n\t\t\t<span class=\"elementor-divider-separator\">\n\t\t\t\t\t\t<\/span>\n\t\t<\/div>\n\t\t\t\t<\/div>\n\t\t\t\t<\/div>\n\t\t\t\t<section class=\"elementor-section elementor-inner-section elementor-element elementor-element-fdd3073 elementor-section-boxed elementor-section-height-default elementor-section-height-default\" data-id=\"fdd3073\" data-element_type=\"section\">\n\t\t\t\t\t\t<div class=\"elementor-container elementor-column-gap-default\">\n\t\t\t\t\t<div class=\"elementor-column elementor-col-100 elementor-inner-column elementor-element elementor-element-04383fa\" data-id=\"04383fa\" data-element_type=\"column\">\n\t\t\t<div class=\"elementor-widget-wrap elementor-element-populated\">\n\t\t\t\t\t\t\t\t<div class=\"elementor-element elementor-element-f67a0a9 elementor-icon-list--layout-traditional elementor-list-item-link-full_width elementor-widget elementor-widget-icon-list\" data-id=\"f67a0a9\" data-element_type=\"widget\" data-widget_type=\"icon-list.default\">\n\t\t\t\t<div class=\"elementor-widget-container\">\n\t\t\t\t\t<ul class=\"elementor-icon-list-items\">\n\t\t\t\t\t\t\t<li class=\"elementor-icon-list-item\">\n\t\t\t\t\t\t\t\t\t\t\t<a href=\"tel:+34%20639%20350%20577\">\n\n\t\t\t\t\t\t\t\t\t\t\t\t<span class=\"elementor-icon-list-icon\">\n\t\t\t\t\t\t\t<i aria-hidden=\"true\" class=\"fas fa-phone-alt\"><\/i>\t\t\t\t\t\t<\/span>\n\t\t\t\t\t\t\t\t\t\t<span class=\"elementor-icon-list-text\">+34 639 350 577<\/span>\n\t\t\t\t\t\t\t\t\t\t\t<\/a>\n\t\t\t\t\t\t\t\t\t<\/li>\n\t\t\t\t\t\t\t\t<li class=\"elementor-icon-list-item\">\n\t\t\t\t\t\t\t\t\t\t\t<a href=\"https:\/\/wa.me\/+34639350577\">\n\n\t\t\t\t\t\t\t\t\t\t\t\t<span class=\"elementor-icon-list-icon\">\n\t\t\t\t\t\t\t<i aria-hidden=\"true\" class=\"fab fa-whatsapp\"><\/i>\t\t\t\t\t\t<\/span>\n\t\t\t\t\t\t\t\t\t\t<span class=\"elementor-icon-list-text\">+34 639 350 577<\/span>\n\t\t\t\t\t\t\t\t\t\t\t<\/a>\n\t\t\t\t\t\t\t\t\t<\/li>\n\t\t\t\t\t\t\t\t<li class=\"elementor-icon-list-item\">\n\t\t\t\t\t\t\t\t\t\t\t<a href=\"mailto:tomeudet@gmail.com\">\n\n\t\t\t\t\t\t\t\t\t\t\t\t<span class=\"elementor-icon-list-icon\">\n\t\t\t\t\t\t\t<i aria-hidden=\"true\" class=\"far fa-envelope\"><\/i>\t\t\t\t\t\t<\/span>\n\t\t\t\t\t\t\t\t\t\t<span class=\"elementor-icon-list-text\">tomeudet@gmail.com<\/span>\n\t\t\t\t\t\t\t\t\t\t\t<\/a>\n\t\t\t\t\t\t\t\t\t<\/li>\n\t\t\t\t\t\t<\/ul>\n\t\t\t\t<\/div>\n\t\t\t\t<\/div>\n\t\t\t\t\t<\/div>\n\t\t<\/div>\n\t\t\t\t\t\t\t<\/div>\n\t\t<\/section>\n\t\t\t\t<div class=\"elementor-element elementor-element-59b6983 elementor-widget elementor-widget-spacer\" data-id=\"59b6983\" data-element_type=\"widget\" data-widget_type=\"spacer.default\">\n\t\t\t\t<div class=\"elementor-widget-container\">\n\t\t\t\t\t<div class=\"elementor-spacer\">\n\t\t\t<div class=\"elementor-spacer-inner\"><\/div>\n\t\t<\/div>\n\t\t\t\t<\/div>\n\t\t\t\t<\/div>\n\t\t\t\t<div class=\"elementor-element elementor-element-cabc43a elementor-widget elementor-widget-text-editor\" data-id=\"cabc43a\" data-element_type=\"widget\" data-widget_type=\"text-editor.default\">\n\t\t\t\t<div class=\"elementor-widget-container\">\n\t\t\t\t\t\t\t<p><strong>Wir sprechen Englisch und Deutsch.<\/strong><\/p>\t\t\t\t\t\t<\/div>\n\t\t\t\t<\/div>\n\t\t\t\t<div class=\"elementor-element elementor-element-81a4022 elementor-widget elementor-widget-text-editor\" data-id=\"81a4022\" data-element_type=\"widget\" data-widget_type=\"text-editor.default\">\n\t\t\t\t<div class=\"elementor-widget-container\">\n\t\t\t\t\t\t\t<p>Wenn Sie die Reservierung vorgenommen haben und am Besuch inklusive der Verkostung\u00a0nicht teilnehmen k\u00f6nnen, w\u00fcrden wir uns freuen, wenn Sie uns im Voraus benachrichtigen k\u00f6nnen.<\/p>\t\t\t\t\t\t<\/div>\n\t\t\t\t<\/div>\n\t\t\t\t<div class=\"elementor-element elementor-element-8a92058 elementor-widget elementor-widget-spacer\" data-id=\"8a92058\" data-element_type=\"widget\" data-widget_type=\"spacer.default\">\n\t\t\t\t<div class=\"elementor-widget-container\">\n\t\t\t\t\t<div class=\"elementor-spacer\">\n\t\t\t<div class=\"elementor-spacer-inner\"><\/div>\n\t\t<\/div>\n\t\t\t\t<\/div>\n\t\t\t\t<\/div>\n\t\t\t\t\t<\/div>\n\t\t<\/div>\n\t\t\t\t\t\t\t<\/div>\n\t\t<\/section>\n\t\t\t\t\t\t\t<\/div>\n\t\t","protected":false},"excerpt":{"rendered":"<p>Besuch Buchen Preise Erwachsene: 25 Euro Kinder (4-14 Jahre): 10 Euro Der t\u00e4gliche Besuch findet um 12:00 Uhr nur auf Englisch statt. F\u00fchrungen in anderen Sprachen k\u00f6nnen bei ausreichender Teilnehmerzahl und nach vorheriger Anfrage organisiert werden. Inklusivleistungen: Besuch und Verkostung lokaler Produkte der Familie. Die F\u00fchrung findet im Haus, Garten und der \u00d6lm\u00fchle statt. Dauer: [&hellip;]<\/p>\n","protected":false},"author":1,"featured_media":0,"parent":0,"menu_order":0,"comment_status":"closed","ping_status":"closed","template":"page-interior-cabecerahorizontal.php","meta":{"inline_featured_image":false,"footnotes":""},"class_list":["post-1228","page","type-page","status-publish","hentry"],"yoast_head":"<!-- This site is optimized with the Yoast SEO plugin v24.6 - https:\/\/yoast.com\/wordpress\/plugins\/seo\/ -->\n<title>Besuch Buchen - Can Det<\/title>\n<meta name=\"robots\" content=\"index, follow, max-snippet:-1, max-image-preview:large, max-video-preview:-1\" \/>\n<link rel=\"canonical\" href=\"https:\/\/candet.es\/de\/besuch-buchen\/\" \/>\n<meta property=\"og:locale\" content=\"de_DE\" \/>\n<meta property=\"og:type\" content=\"article\" \/>\n<meta property=\"og:title\" content=\"Besuch Buchen - Can Det\" \/>\n<meta property=\"og:description\" content=\"Besuch Buchen Preise Erwachsene: 25 Euro Kinder (4-14 Jahre): 10 Euro Der t\u00e4gliche Besuch findet um 12:00 Uhr nur auf Englisch statt. F\u00fchrungen in anderen Sprachen k\u00f6nnen bei ausreichender Teilnehmerzahl und nach vorheriger Anfrage organisiert werden. Inklusivleistungen: Besuch und Verkostung lokaler Produkte der Familie. Die F\u00fchrung findet im Haus, Garten und der \u00d6lm\u00fchle statt. Dauer: [&hellip;]\" \/>\n<meta property=\"og:url\" content=\"https:\/\/candet.es\/de\/besuch-buchen\/\" \/>\n<meta property=\"og:site_name\" content=\"Can Det\" \/>\n<meta property=\"article:modified_time\" content=\"2025-01-30T08:16:21+00:00\" \/>\n<meta name=\"twitter:card\" content=\"summary_large_image\" \/>\n<meta name=\"twitter:label1\" content=\"Gesch\u00e4tzte Lesezeit\" \/>\n\t<meta name=\"twitter:data1\" content=\"1\u00a0Minute\" \/>\n<script type=\"application\/ld+json\" class=\"yoast-schema-graph\">{\"@context\":\"https:\/\/schema.org\",\"@graph\":[{\"@type\":\"WebPage\",\"@id\":\"https:\/\/candet.es\/de\/besuch-buchen\/\",\"url\":\"https:\/\/candet.es\/de\/besuch-buchen\/\",\"name\":\"Besuch Buchen - Can Det\",\"isPartOf\":{\"@id\":\"https:\/\/candet.es\/de\/#website\"},\"datePublished\":\"2021-10-13T09:09:29+00:00\",\"dateModified\":\"2025-01-30T08:16:21+00:00\",\"breadcrumb\":{\"@id\":\"https:\/\/candet.es\/de\/besuch-buchen\/#breadcrumb\"},\"inLanguage\":\"de\",\"potentialAction\":[{\"@type\":\"ReadAction\",\"target\":[\"https:\/\/candet.es\/de\/besuch-buchen\/\"]}]},{\"@type\":\"BreadcrumbList\",\"@id\":\"https:\/\/candet.es\/de\/besuch-buchen\/#breadcrumb\",\"itemListElement\":[{\"@type\":\"ListItem\",\"position\":1,\"name\":\"Portada\",\"item\":\"https:\/\/candet.es\/de\/\"},{\"@type\":\"ListItem\",\"position\":2,\"name\":\"Besuch Buchen\"}]},{\"@type\":\"WebSite\",\"@id\":\"https:\/\/candet.es\/de\/#website\",\"url\":\"https:\/\/candet.es\/de\/\",\"name\":\"Can Det\",\"description\":\"Visitas Guiadas S\u00f3ller\",\"potentialAction\":[{\"@type\":\"SearchAction\",\"target\":{\"@type\":\"EntryPoint\",\"urlTemplate\":\"https:\/\/candet.es\/de\/?s={search_term_string}\"},\"query-input\":{\"@type\":\"PropertyValueSpecification\",\"valueRequired\":true,\"valueName\":\"search_term_string\"}}],\"inLanguage\":\"de\"}]}<\/script>\n<!-- \/ Yoast SEO plugin. -->","yoast_head_json":{"title":"Besuch Buchen - Can Det","robots":{"index":"index","follow":"follow","max-snippet":"max-snippet:-1","max-image-preview":"max-image-preview:large","max-video-preview":"max-video-preview:-1"},"canonical":"https:\/\/candet.es\/de\/besuch-buchen\/","og_locale":"de_DE","og_type":"article","og_title":"Besuch Buchen - Can Det","og_description":"Besuch Buchen Preise Erwachsene: 25 Euro Kinder (4-14 Jahre): 10 Euro Der t\u00e4gliche Besuch findet um 12:00 Uhr nur auf Englisch statt. F\u00fchrungen in anderen Sprachen k\u00f6nnen bei ausreichender Teilnehmerzahl und nach vorheriger Anfrage organisiert werden. Inklusivleistungen: Besuch und Verkostung lokaler Produkte der Familie. Die F\u00fchrung findet im Haus, Garten und der \u00d6lm\u00fchle statt. Dauer: [&hellip;]","og_url":"https:\/\/candet.es\/de\/besuch-buchen\/","og_site_name":"Can Det","article_modified_time":"2025-01-30T08:16:21+00:00","twitter_card":"summary_large_image","twitter_misc":{"Gesch\u00e4tzte Lesezeit":"1\u00a0Minute"},"schema":{"@context":"https:\/\/schema.org","@graph":[{"@type":"WebPage","@id":"https:\/\/candet.es\/de\/besuch-buchen\/","url":"https:\/\/candet.es\/de\/besuch-buchen\/","name":"Besuch Buchen - Can Det","isPartOf":{"@id":"https:\/\/candet.es\/de\/#website"},"datePublished":"2021-10-13T09:09:29+00:00","dateModified":"2025-01-30T08:16:21+00:00","breadcrumb":{"@id":"https:\/\/candet.es\/de\/besuch-buchen\/#breadcrumb"},"inLanguage":"de","potentialAction":[{"@type":"ReadAction","target":["https:\/\/candet.es\/de\/besuch-buchen\/"]}]},{"@type":"BreadcrumbList","@id":"https:\/\/candet.es\/de\/besuch-buchen\/#breadcrumb","itemListElement":[{"@type":"ListItem","position":1,"name":"Portada","item":"https:\/\/candet.es\/de\/"},{"@type":"ListItem","position":2,"name":"Besuch Buchen"}]},{"@type":"WebSite","@id":"https:\/\/candet.es\/de\/#website","url":"https:\/\/candet.es\/de\/","name":"Can Det","description":"Visitas Guiadas S\u00f3ller","potentialAction":[{"@type":"SearchAction","target":{"@type":"EntryPoint","urlTemplate":"https:\/\/candet.es\/de\/?s={search_term_string}"},"query-input":{"@type":"PropertyValueSpecification","valueRequired":true,"valueName":"search_term_string"}}],"inLanguage":"de"}]}},"_links":{"self":[{"href":"https:\/\/candet.es\/de\/wp-json\/wp\/v2\/pages\/1228","targetHints":{"allow":["GET"]}}],"collection":[{"href":"https:\/\/candet.es\/de\/wp-json\/wp\/v2\/pages"}],"about":[{"href":"https:\/\/candet.es\/de\/wp-json\/wp\/v2\/types\/page"}],"author":[{"embeddable":true,"href":"https:\/\/candet.es\/de\/wp-json\/wp\/v2\/users\/1"}],"replies":[{"embeddable":true,"href":"https:\/\/candet.es\/de\/wp-json\/wp\/v2\/comments?post=1228"}],"version-history":[{"count":40,"href":"https:\/\/candet.es\/de\/wp-json\/wp\/v2\/pages\/1228\/revisions"}],"predecessor-version":[{"id":1962,"href":"https:\/\/candet.es\/de\/wp-json\/wp\/v2\/pages\/1228\/revisions\/1962"}],"wp:attachment":[{"href":"https:\/\/candet.es\/de\/wp-json\/wp\/v2\/media?parent=1228"}],"curies":[{"name":"wp","href":"https:\/\/api.w.org\/{rel}","templated":true}]}}