{"id":1523,"date":"2022-06-01T11:31:09","date_gmt":"2022-06-01T11:31:09","guid":{"rendered":"https:\/\/candet.es\/?page_id=1523"},"modified":"2026-04-29T10:06:13","modified_gmt":"2026-04-29T10:06:13","slug":"shop","status":"publish","type":"page","link":"https:\/\/candet.es\/de\/shop\/","title":{"rendered":"Shop"},"content":{"rendered":"\t\t<div data-elementor-type=\"wp-page\" data-elementor-id=\"1523\" class=\"elementor elementor-1523 elementor-1521\">\n\t\t\t\t\t\t<section class=\"elementor-section elementor-top-section elementor-element elementor-element-5e42daa5 elementor-section-height-min-height elementor-section-boxed elementor-section-height-default elementor-section-items-middle\" data-id=\"5e42daa5\" data-element_type=\"section\" data-e-type=\"section\" data-settings=\"{&quot;background_background&quot;:&quot;classic&quot;}\">\n\t\t\t\t\t\t\t<div class=\"elementor-background-overlay\"><\/div>\n\t\t\t\t\t\t\t<div class=\"elementor-container elementor-column-gap-default\">\n\t\t\t\t\t<div class=\"elementor-column elementor-col-100 elementor-top-column elementor-element elementor-element-264c314c\" data-id=\"264c314c\" data-element_type=\"column\" data-e-type=\"column\">\n\t\t\t<div class=\"elementor-widget-wrap elementor-element-populated\">\n\t\t\t\t\t\t<div class=\"elementor-element elementor-element-71765b8b titular elementor-widget elementor-widget-heading\" data-id=\"71765b8b\" data-element_type=\"widget\" data-e-type=\"widget\" data-widget_type=\"heading.default\">\n\t\t\t\t<div class=\"elementor-widget-container\">\n\t\t\t\t\t<h1 class=\"elementor-heading-title elementor-size-default\">Shop<\/h1>\t\t\t\t<\/div>\n\t\t\t\t<\/div>\n\t\t\t\t\t<\/div>\n\t\t<\/div>\n\t\t\t\t\t<\/div>\n\t\t<\/section>\n\t\t\t\t<section class=\"elementor-section elementor-top-section elementor-element elementor-element-70422e2 elementor-section-boxed elementor-section-height-default elementor-section-height-default\" data-id=\"70422e2\" data-element_type=\"section\" data-e-type=\"section\">\n\t\t\t\t\t\t<div class=\"elementor-container elementor-column-gap-wider\">\n\t\t\t\t\t<div class=\"elementor-column elementor-col-100 elementor-top-column elementor-element elementor-element-86798e7\" data-id=\"86798e7\" data-element_type=\"column\" data-e-type=\"column\" data-settings=\"{&quot;background_background&quot;:&quot;classic&quot;}\">\n\t\t\t<div class=\"elementor-widget-wrap elementor-element-populated\">\n\t\t\t\t\t\t<div class=\"elementor-element elementor-element-9a20c0d titular elementor-widget elementor-widget-heading\" data-id=\"9a20c0d\" data-element_type=\"widget\" data-e-type=\"widget\" data-widget_type=\"heading.default\">\n\t\t\t\t<div class=\"elementor-widget-container\">\n\t\t\t\t\t<h1 class=\"elementor-heading-title elementor-size-default\">In unserem Shop erh\u00e4ltliche Produkte<\/h1>\t\t\t\t<\/div>\n\t\t\t\t<\/div>\n\t\t\t\t<div class=\"elementor-element elementor-element-b1d6795 elementor-widget-divider--view-line elementor-widget elementor-widget-divider\" data-id=\"b1d6795\" data-element_type=\"widget\" data-e-type=\"widget\" data-widget_type=\"divider.default\">\n\t\t\t\t<div class=\"elementor-widget-container\">\n\t\t\t\t\t\t\t<div class=\"elementor-divider\">\n\t\t\t<span class=\"elementor-divider-separator\">\n\t\t\t\t\t\t<\/span>\n\t\t<\/div>\n\t\t\t\t\t\t<\/div>\n\t\t\t\t<\/div>\n\t\t\t\t\t<\/div>\n\t\t<\/div>\n\t\t\t\t\t<\/div>\n\t\t<\/section>\n\t\t\t\t<section class=\"elementor-section elementor-top-section elementor-element elementor-element-a095f24 elementor-section-boxed elementor-section-height-default elementor-section-height-default\" data-id=\"a095f24\" data-element_type=\"section\" data-e-type=\"section\">\n\t\t\t\t\t\t<div class=\"elementor-container elementor-column-gap-default\">\n\t\t\t\t\t<div class=\"elementor-column elementor-col-33 elementor-top-column elementor-element elementor-element-89236c3\" data-id=\"89236c3\" data-element_type=\"column\" data-e-type=\"column\">\n\t\t\t<div class=\"elementor-widget-wrap elementor-element-populated\">\n\t\t\t\t\t\t<div class=\"elementor-element elementor-element-443d98d elementor-widget elementor-widget-image\" data-id=\"443d98d\" data-element_type=\"widget\" data-e-type=\"widget\" data-widget_type=\"image.default\">\n\t\t\t\t<div class=\"elementor-widget-container\">\n\t\t\t\t\t\t\t\t\t\t\t\t\t\t\t<img fetchpriority=\"high\" decoding=\"async\" width=\"640\" height=\"640\" src=\"https:\/\/candet.es\/wp-content\/uploads\/2021\/11\/750-1024x1024.jpg\" class=\"attachment-large size-large wp-image-1305\" alt=\"botella de 750ml de aceite de oliva can det\" srcset=\"https:\/\/candet.es\/wp-content\/uploads\/2021\/11\/750-1024x1024.jpg 1024w, https:\/\/candet.es\/wp-content\/uploads\/2021\/11\/750-300x300.jpg 300w, https:\/\/candet.es\/wp-content\/uploads\/2021\/11\/750-150x150.jpg 150w, https:\/\/candet.es\/wp-content\/uploads\/2021\/11\/750-768x768.jpg 768w, https:\/\/candet.es\/wp-content\/uploads\/2021\/11\/750-650x650.jpg 650w, https:\/\/candet.es\/wp-content\/uploads\/2021\/11\/750-1300x1300.jpg 1300w, https:\/\/candet.es\/wp-content\/uploads\/2021\/11\/750-600x600.jpg 600w, https:\/\/candet.es\/wp-content\/uploads\/2021\/11\/750-100x100.jpg 100w, https:\/\/candet.es\/wp-content\/uploads\/2021\/11\/750.jpg 1500w\" sizes=\"(max-width: 640px) 100vw, 640px\" \/>\t\t\t\t\t\t\t\t\t\t\t\t\t\t\t<\/div>\n\t\t\t\t<\/div>\n\t\t\t\t<div class=\"elementor-element elementor-element-878cec9 elementor-widget elementor-widget-heading\" data-id=\"878cec9\" data-element_type=\"widget\" data-e-type=\"widget\" data-widget_type=\"heading.default\">\n\t\t\t\t<div class=\"elementor-widget-container\">\n\t\t\t\t\t<div class=\"elementor-heading-title elementor-size-default\">Botella 750ml.<\/div>\t\t\t\t<\/div>\n\t\t\t\t<\/div>\n\t\t\t\t<div class=\"elementor-element elementor-element-62ac894 elementor-hidden-desktop elementor-hidden-tablet elementor-hidden-mobile elementor-widget elementor-widget-heading\" data-id=\"62ac894\" data-element_type=\"widget\" data-e-type=\"widget\" data-widget_type=\"heading.default\">\n\t\t\t\t<div class=\"elementor-widget-container\">\n\t\t\t\t\t<div class=\"elementor-heading-title elementor-size-default\">15\u20ac<\/div>\t\t\t\t<\/div>\n\t\t\t\t<\/div>\n\t\t\t\t\t<\/div>\n\t\t<\/div>\n\t\t\t\t<div class=\"elementor-column elementor-col-33 elementor-top-column elementor-element elementor-element-22f8b38\" data-id=\"22f8b38\" data-element_type=\"column\" data-e-type=\"column\">\n\t\t\t<div class=\"elementor-widget-wrap elementor-element-populated\">\n\t\t\t\t\t\t<div class=\"elementor-element elementor-element-faa1cf7 elementor-widget elementor-widget-image\" data-id=\"faa1cf7\" data-element_type=\"widget\" data-e-type=\"widget\" data-widget_type=\"image.default\">\n\t\t\t\t<div class=\"elementor-widget-container\">\n\t\t\t\t\t\t\t\t\t\t\t\t\t\t\t<img decoding=\"async\" width=\"640\" height=\"640\" src=\"https:\/\/candet.es\/wp-content\/uploads\/2021\/11\/100-1024x1024.jpg\" class=\"attachment-large size-large wp-image-1297\" alt=\"botellin aceite de oliva can det\" srcset=\"https:\/\/candet.es\/wp-content\/uploads\/2021\/11\/100-1024x1024.jpg 1024w, https:\/\/candet.es\/wp-content\/uploads\/2021\/11\/100-300x300.jpg 300w, https:\/\/candet.es\/wp-content\/uploads\/2021\/11\/100-150x150.jpg 150w, https:\/\/candet.es\/wp-content\/uploads\/2021\/11\/100-768x768.jpg 768w, https:\/\/candet.es\/wp-content\/uploads\/2021\/11\/100-650x650.jpg 650w, https:\/\/candet.es\/wp-content\/uploads\/2021\/11\/100-1300x1300.jpg 1300w, https:\/\/candet.es\/wp-content\/uploads\/2021\/11\/100-600x600.jpg 600w, https:\/\/candet.es\/wp-content\/uploads\/2021\/11\/100-100x100.jpg 100w, https:\/\/candet.es\/wp-content\/uploads\/2021\/11\/100.jpg 1500w\" sizes=\"(max-width: 640px) 100vw, 640px\" \/>\t\t\t\t\t\t\t\t\t\t\t\t\t\t\t<\/div>\n\t\t\t\t<\/div>\n\t\t\t\t<div class=\"elementor-element elementor-element-f108225 elementor-widget elementor-widget-heading\" data-id=\"f108225\" data-element_type=\"widget\" data-e-type=\"widget\" data-widget_type=\"heading.default\">\n\t\t\t\t<div class=\"elementor-widget-container\">\n\t\t\t\t\t<div class=\"elementor-heading-title elementor-size-default\">Botella Aceite Can Det 100ml.<\/div>\t\t\t\t<\/div>\n\t\t\t\t<\/div>\n\t\t\t\t<div class=\"elementor-element elementor-element-268d385 elementor-hidden-desktop elementor-hidden-tablet elementor-hidden-mobile elementor-widget elementor-widget-heading\" data-id=\"268d385\" data-element_type=\"widget\" data-e-type=\"widget\" data-widget_type=\"heading.default\">\n\t\t\t\t<div class=\"elementor-widget-container\">\n\t\t\t\t\t<div class=\"elementor-heading-title elementor-size-default\">5\u20ac<\/div>\t\t\t\t<\/div>\n\t\t\t\t<\/div>\n\t\t\t\t\t<\/div>\n\t\t<\/div>\n\t\t\t\t<div class=\"elementor-column elementor-col-33 elementor-top-column elementor-element elementor-element-da63c41\" data-id=\"da63c41\" data-element_type=\"column\" data-e-type=\"column\">\n\t\t\t<div class=\"elementor-widget-wrap elementor-element-populated\">\n\t\t\t\t\t\t<div class=\"elementor-element elementor-element-101e1fd elementor-widget elementor-widget-image\" data-id=\"101e1fd\" data-element_type=\"widget\" data-e-type=\"widget\" data-widget_type=\"image.default\">\n\t\t\t\t<div class=\"elementor-widget-container\">\n\t\t\t\t\t\t\t\t\t\t\t\t\t\t\t<img decoding=\"async\" width=\"640\" height=\"640\" src=\"https:\/\/candet.es\/wp-content\/uploads\/2021\/06\/aceite-candet-1024x1024.jpg\" class=\"attachment-large size-large wp-image-723\" alt=\"\" srcset=\"https:\/\/candet.es\/wp-content\/uploads\/2021\/06\/aceite-candet-1024x1024.jpg 1024w, https:\/\/candet.es\/wp-content\/uploads\/2021\/06\/aceite-candet-300x300.jpg 300w, https:\/\/candet.es\/wp-content\/uploads\/2021\/06\/aceite-candet-100x100.jpg 100w, https:\/\/candet.es\/wp-content\/uploads\/2021\/06\/aceite-candet-600x600.jpg 600w, https:\/\/candet.es\/wp-content\/uploads\/2021\/06\/aceite-candet-150x150.jpg 150w, https:\/\/candet.es\/wp-content\/uploads\/2021\/06\/aceite-candet-768x768.jpg 768w, https:\/\/candet.es\/wp-content\/uploads\/2021\/06\/aceite-candet.jpg 1500w\" sizes=\"(max-width: 640px) 100vw, 640px\" \/>\t\t\t\t\t\t\t\t\t\t\t\t\t\t\t<\/div>\n\t\t\t\t<\/div>\n\t\t\t\t<div class=\"elementor-element elementor-element-55cc2b3 elementor-widget elementor-widget-heading\" data-id=\"55cc2b3\" data-element_type=\"widget\" data-e-type=\"widget\" data-widget_type=\"heading.default\">\n\t\t\t\t<div class=\"elementor-widget-container\">\n\t\t\t\t\t<div class=\"elementor-heading-title elementor-size-default\">Botella Aceite Can Det 250ml.<\/div>\t\t\t\t<\/div>\n\t\t\t\t<\/div>\n\t\t\t\t<div class=\"elementor-element elementor-element-ab0e1dd elementor-hidden-desktop elementor-hidden-tablet elementor-hidden-mobile elementor-widget elementor-widget-heading\" data-id=\"ab0e1dd\" data-element_type=\"widget\" data-e-type=\"widget\" data-widget_type=\"heading.default\">\n\t\t\t\t<div class=\"elementor-widget-container\">\n\t\t\t\t\t<div class=\"elementor-heading-title elementor-size-default\">10\u20ac<\/div>\t\t\t\t<\/div>\n\t\t\t\t<\/div>\n\t\t\t\t\t<\/div>\n\t\t<\/div>\n\t\t\t\t\t<\/div>\n\t\t<\/section>\n\t\t\t\t<section class=\"elementor-section elementor-top-section elementor-element elementor-element-f7aafd1 elementor-section-boxed elementor-section-height-default elementor-section-height-default\" data-id=\"f7aafd1\" data-element_type=\"section\" data-e-type=\"section\">\n\t\t\t\t\t\t<div class=\"elementor-container elementor-column-gap-default\">\n\t\t\t\t\t<div class=\"elementor-column elementor-col-33 elementor-top-column elementor-element elementor-element-4a83fcd\" data-id=\"4a83fcd\" data-element_type=\"column\" data-e-type=\"column\">\n\t\t\t<div class=\"elementor-widget-wrap elementor-element-populated\">\n\t\t\t\t\t\t<div class=\"elementor-element elementor-element-decd7ec elementor-widget elementor-widget-image\" data-id=\"decd7ec\" data-element_type=\"widget\" data-e-type=\"widget\" data-widget_type=\"image.default\">\n\t\t\t\t<div class=\"elementor-widget-container\">\n\t\t\t\t\t\t\t\t\t\t\t\t\t\t\t<img loading=\"lazy\" decoding=\"async\" width=\"640\" height=\"640\" src=\"https:\/\/candet.es\/wp-content\/uploads\/2021\/11\/250-1024x1024.jpg\" class=\"attachment-large size-large wp-image-1301\" alt=\"botella de 250ml de aceite de oliva can det\" srcset=\"https:\/\/candet.es\/wp-content\/uploads\/2021\/11\/250-1024x1024.jpg 1024w, https:\/\/candet.es\/wp-content\/uploads\/2021\/11\/250-300x300.jpg 300w, https:\/\/candet.es\/wp-content\/uploads\/2021\/11\/250-150x150.jpg 150w, https:\/\/candet.es\/wp-content\/uploads\/2021\/11\/250-768x768.jpg 768w, https:\/\/candet.es\/wp-content\/uploads\/2021\/11\/250-650x650.jpg 650w, https:\/\/candet.es\/wp-content\/uploads\/2021\/11\/250-1300x1300.jpg 1300w, https:\/\/candet.es\/wp-content\/uploads\/2021\/11\/250-600x600.jpg 600w, https:\/\/candet.es\/wp-content\/uploads\/2021\/11\/250-100x100.jpg 100w, https:\/\/candet.es\/wp-content\/uploads\/2021\/11\/250.jpg 1500w\" sizes=\"(max-width: 640px) 100vw, 640px\" \/>\t\t\t\t\t\t\t\t\t\t\t\t\t\t\t<\/div>\n\t\t\t\t<\/div>\n\t\t\t\t<div class=\"elementor-element elementor-element-2d5c297 elementor-widget elementor-widget-heading\" data-id=\"2d5c297\" data-element_type=\"widget\" data-e-type=\"widget\" data-widget_type=\"heading.default\">\n\t\t\t\t<div class=\"elementor-widget-container\">\n\t\t\t\t\t<div class=\"elementor-heading-title elementor-size-default\">Botella Aceite Can Det 250ml.<br>(cristal oscuro)<\/div>\t\t\t\t<\/div>\n\t\t\t\t<\/div>\n\t\t\t\t<div class=\"elementor-element elementor-element-e4a9762 elementor-hidden-desktop elementor-hidden-tablet elementor-hidden-mobile elementor-widget elementor-widget-heading\" data-id=\"e4a9762\" data-element_type=\"widget\" data-e-type=\"widget\" data-widget_type=\"heading.default\">\n\t\t\t\t<div class=\"elementor-widget-container\">\n\t\t\t\t\t<div class=\"elementor-heading-title elementor-size-default\">10\u20ac<\/div>\t\t\t\t<\/div>\n\t\t\t\t<\/div>\n\t\t\t\t\t<\/div>\n\t\t<\/div>\n\t\t\t\t<div class=\"elementor-column elementor-col-33 elementor-top-column elementor-element elementor-element-0b454b8\" data-id=\"0b454b8\" data-element_type=\"column\" data-e-type=\"column\">\n\t\t\t<div class=\"elementor-widget-wrap elementor-element-populated\">\n\t\t\t\t\t\t<div class=\"elementor-element elementor-element-a5a25c9 elementor-widget elementor-widget-image\" data-id=\"a5a25c9\" data-element_type=\"widget\" data-e-type=\"widget\" data-widget_type=\"image.default\">\n\t\t\t\t<div class=\"elementor-widget-container\">\n\t\t\t\t\t\t\t\t\t\t\t\t\t\t\t<img loading=\"lazy\" decoding=\"async\" width=\"640\" height=\"640\" src=\"https:\/\/candet.es\/wp-content\/uploads\/2021\/06\/nd-1024x1024.jpg\" class=\"attachment-large size-large wp-image-1310\" alt=\"logotipo y escudo de can det\" srcset=\"https:\/\/candet.es\/wp-content\/uploads\/2021\/06\/nd-1024x1024.jpg 1024w, https:\/\/candet.es\/wp-content\/uploads\/2021\/06\/nd-300x300.jpg 300w, https:\/\/candet.es\/wp-content\/uploads\/2021\/06\/nd-150x150.jpg 150w, https:\/\/candet.es\/wp-content\/uploads\/2021\/06\/nd-768x768.jpg 768w, https:\/\/candet.es\/wp-content\/uploads\/2021\/06\/nd-650x650.jpg 650w, https:\/\/candet.es\/wp-content\/uploads\/2021\/06\/nd-1300x1300.jpg 1300w, https:\/\/candet.es\/wp-content\/uploads\/2021\/06\/nd-600x600.jpg 600w, https:\/\/candet.es\/wp-content\/uploads\/2021\/06\/nd-100x100.jpg 100w, https:\/\/candet.es\/wp-content\/uploads\/2021\/06\/nd.jpg 1500w\" sizes=\"(max-width: 640px) 100vw, 640px\" \/>\t\t\t\t\t\t\t\t\t\t\t\t\t\t\t<\/div>\n\t\t\t\t<\/div>\n\t\t\t\t<div class=\"elementor-element elementor-element-4c467fc elementor-widget elementor-widget-heading\" data-id=\"4c467fc\" data-element_type=\"widget\" data-e-type=\"widget\" data-widget_type=\"heading.default\">\n\t\t\t\t<div class=\"elementor-widget-container\">\n\t\t\t\t\t<div class=\"elementor-heading-title elementor-size-default\">Garrafa 5 litros<\/div>\t\t\t\t<\/div>\n\t\t\t\t<\/div>\n\t\t\t\t<div class=\"elementor-element elementor-element-73c7dd3 elementor-hidden-desktop elementor-hidden-tablet elementor-hidden-mobile elementor-widget elementor-widget-heading\" data-id=\"73c7dd3\" data-element_type=\"widget\" data-e-type=\"widget\" data-widget_type=\"heading.default\">\n\t\t\t\t<div class=\"elementor-widget-container\">\n\t\t\t\t\t<div class=\"elementor-heading-title elementor-size-default\">40\u20ac<\/div>\t\t\t\t<\/div>\n\t\t\t\t<\/div>\n\t\t\t\t\t<\/div>\n\t\t<\/div>\n\t\t\t\t<div class=\"elementor-column elementor-col-33 elementor-top-column elementor-element elementor-element-5a7b38c\" data-id=\"5a7b38c\" data-element_type=\"column\" data-e-type=\"column\">\n\t\t\t<div class=\"elementor-widget-wrap\">\n\t\t\t\t\t\t\t<\/div>\n\t\t<\/div>\n\t\t\t\t\t<\/div>\n\t\t<\/section>\n\t\t\t\t<section class=\"elementor-section elementor-top-section elementor-element elementor-element-8ff0b76 elementor-section-boxed elementor-section-height-default elementor-section-height-default\" data-id=\"8ff0b76\" data-element_type=\"section\" data-e-type=\"section\">\n\t\t\t\t\t\t<div class=\"elementor-container elementor-column-gap-wider\">\n\t\t\t\t\t<div class=\"elementor-column elementor-col-100 elementor-top-column elementor-element elementor-element-c29d8a5\" data-id=\"c29d8a5\" data-element_type=\"column\" data-e-type=\"column\" data-settings=\"{&quot;background_background&quot;:&quot;classic&quot;}\">\n\t\t\t<div class=\"elementor-widget-wrap elementor-element-populated\">\n\t\t\t\t\t\t<div class=\"elementor-element elementor-element-fd5c5f6 elementor-align-center elementor-widget elementor-widget-button\" data-id=\"fd5c5f6\" data-element_type=\"widget\" data-e-type=\"widget\" data-widget_type=\"button.default\">\n\t\t\t\t<div class=\"elementor-widget-container\">\n\t\t\t\t\t\t\t\t\t<div class=\"elementor-button-wrapper\">\n\t\t\t\t\t<a class=\"elementor-button elementor-button-link elementor-size-sm\" href=\"http:\/\/candet.es\/de\/standort\/\" target=\"_blank\">\n\t\t\t\t\t\t<span class=\"elementor-button-content-wrapper\">\n\t\t\t\t\t\t<span class=\"elementor-button-icon\">\n\t\t\t\t<i aria-hidden=\"true\" class=\"fas fa-map-marker-alt\"><\/i>\t\t\t<\/span>\n\t\t\t\t\t\t\t\t\t<span class=\"elementor-button-text\">Standort<\/span>\n\t\t\t\t\t<\/span>\n\t\t\t\t\t<\/a>\n\t\t\t\t<\/div>\n\t\t\t\t\t\t\t\t<\/div>\n\t\t\t\t<\/div>\n\t\t\t\t\t<\/div>\n\t\t<\/div>\n\t\t\t\t\t<\/div>\n\t\t<\/section>\n\t\t\t\t<\/div>\n\t\t","protected":false},"excerpt":{"rendered":"<p>Shop In unserem Shop erh\u00e4ltliche Produkte Botella 750ml. 15\u20ac Botella Aceite Can Det 100ml. 5\u20ac Botella Aceite Can Det 250ml. 10\u20ac Botella Aceite Can Det 250ml. (cristal oscuro) 10\u20ac Garrafa 5 litros 40\u20ac Standort<\/p>\n","protected":false},"author":1,"featured_media":0,"parent":0,"menu_order":0,"comment_status":"closed","ping_status":"closed","template":"page-interior-cabecerahorizontal.php","meta":{"inline_featured_image":false,"footnotes":""},"class_list":["post-1523","page","type-page","status-publish","hentry"],"yoast_head":"<!-- This site is optimized with the Yoast SEO plugin v27.4 - https:\/\/yoast.com\/product\/yoast-seo-wordpress\/ -->\n<title>Can Det S\u00f3ller Shop | Lokale Produkte und Hausf\u00fchrung<\/title>\n<meta name=\"description\" content=\"Kaufen Sie traditionelle Produkte der Familie von Can Det in S\u00f3ller und erg\u00e4nzen Sie Ihr Erlebnis mit einer F\u00fchrung durch das historische Haus\" \/>\n<meta name=\"robots\" content=\"index, follow, max-snippet:-1, max-image-preview:large, max-video-preview:-1\" \/>\n<link rel=\"canonical\" href=\"https:\/\/candet.es\/de\/shop\/\" \/>\n<meta property=\"og:locale\" content=\"de_DE\" \/>\n<meta property=\"og:type\" content=\"article\" \/>\n<meta property=\"og:title\" content=\"Can Det S\u00f3ller Shop | Lokale Produkte und Hausf\u00fchrung\" \/>\n<meta property=\"og:description\" content=\"Kaufen Sie traditionelle Produkte der Familie von Can Det in S\u00f3ller und erg\u00e4nzen Sie Ihr Erlebnis mit einer F\u00fchrung durch das historische Haus\" \/>\n<meta property=\"og:url\" content=\"https:\/\/candet.es\/de\/shop\/\" \/>\n<meta property=\"og:site_name\" content=\"Can Det\" \/>\n<meta property=\"article:modified_time\" content=\"2026-04-29T10:06:13+00:00\" \/>\n<meta property=\"og:image\" content=\"http:\/\/candet.es\/wp-content\/uploads\/2021\/11\/750-1024x1024.jpg\" \/>\n<meta name=\"twitter:card\" content=\"summary_large_image\" \/>\n<meta name=\"twitter:label1\" content=\"Gesch\u00e4tzte Lesezeit\" \/>\n\t<meta name=\"twitter:data1\" content=\"2\u00a0Minuten\" \/>\n<script type=\"application\/ld+json\" class=\"yoast-schema-graph\">{\"@context\":\"https:\\\/\\\/schema.org\",\"@graph\":[{\"@type\":\"WebPage\",\"@id\":\"https:\\\/\\\/candet.es\\\/de\\\/shop\\\/\",\"url\":\"https:\\\/\\\/candet.es\\\/de\\\/shop\\\/\",\"name\":\"Can Det S\u00f3ller Shop | Lokale Produkte und Hausf\u00fchrung\",\"isPartOf\":{\"@id\":\"https:\\\/\\\/candet.es\\\/de\\\/#website\"},\"primaryImageOfPage\":{\"@id\":\"https:\\\/\\\/candet.es\\\/de\\\/shop\\\/#primaryimage\"},\"image\":{\"@id\":\"https:\\\/\\\/candet.es\\\/de\\\/shop\\\/#primaryimage\"},\"thumbnailUrl\":\"http:\\\/\\\/candet.es\\\/wp-content\\\/uploads\\\/2021\\\/11\\\/750-1024x1024.jpg\",\"datePublished\":\"2022-06-01T11:31:09+00:00\",\"dateModified\":\"2026-04-29T10:06:13+00:00\",\"description\":\"Kaufen Sie traditionelle Produkte der Familie von Can Det in S\u00f3ller und erg\u00e4nzen Sie Ihr Erlebnis mit einer F\u00fchrung durch das historische Haus\",\"breadcrumb\":{\"@id\":\"https:\\\/\\\/candet.es\\\/de\\\/shop\\\/#breadcrumb\"},\"inLanguage\":\"de\",\"potentialAction\":[{\"@type\":\"ReadAction\",\"target\":[\"https:\\\/\\\/candet.es\\\/de\\\/shop\\\/\"]}]},{\"@type\":\"ImageObject\",\"inLanguage\":\"de\",\"@id\":\"https:\\\/\\\/candet.es\\\/de\\\/shop\\\/#primaryimage\",\"url\":\"http:\\\/\\\/candet.es\\\/wp-content\\\/uploads\\\/2021\\\/11\\\/750-1024x1024.jpg\",\"contentUrl\":\"http:\\\/\\\/candet.es\\\/wp-content\\\/uploads\\\/2021\\\/11\\\/750-1024x1024.jpg\"},{\"@type\":\"BreadcrumbList\",\"@id\":\"https:\\\/\\\/candet.es\\\/de\\\/shop\\\/#breadcrumb\",\"itemListElement\":[{\"@type\":\"ListItem\",\"position\":1,\"name\":\"Portada\",\"item\":\"https:\\\/\\\/candet.es\\\/de\\\/\"},{\"@type\":\"ListItem\",\"position\":2,\"name\":\"Shop\"}]},{\"@type\":\"WebSite\",\"@id\":\"https:\\\/\\\/candet.es\\\/de\\\/#website\",\"url\":\"https:\\\/\\\/candet.es\\\/de\\\/\",\"name\":\"Can Det\",\"description\":\"Visitas Guiadas S\u00f3ller\",\"potentialAction\":[{\"@type\":\"SearchAction\",\"target\":{\"@type\":\"EntryPoint\",\"urlTemplate\":\"https:\\\/\\\/candet.es\\\/de\\\/?s={search_term_string}\"},\"query-input\":{\"@type\":\"PropertyValueSpecification\",\"valueRequired\":true,\"valueName\":\"search_term_string\"}}],\"inLanguage\":\"de\"}]}<\/script>\n<!-- \/ Yoast SEO plugin. -->","yoast_head_json":{"title":"Can Det S\u00f3ller Shop | Lokale Produkte und Hausf\u00fchrung","description":"Kaufen Sie traditionelle Produkte der Familie von Can Det in S\u00f3ller und erg\u00e4nzen Sie Ihr Erlebnis mit einer F\u00fchrung durch das historische Haus","robots":{"index":"index","follow":"follow","max-snippet":"max-snippet:-1","max-image-preview":"max-image-preview:large","max-video-preview":"max-video-preview:-1"},"canonical":"https:\/\/candet.es\/de\/shop\/","og_locale":"de_DE","og_type":"article","og_title":"Can Det S\u00f3ller Shop | Lokale Produkte und Hausf\u00fchrung","og_description":"Kaufen Sie traditionelle Produkte der Familie von Can Det in S\u00f3ller und erg\u00e4nzen Sie Ihr Erlebnis mit einer F\u00fchrung durch das historische Haus","og_url":"https:\/\/candet.es\/de\/shop\/","og_site_name":"Can Det","article_modified_time":"2026-04-29T10:06:13+00:00","og_image":[{"url":"http:\/\/candet.es\/wp-content\/uploads\/2021\/11\/750-1024x1024.jpg","type":"","width":"","height":""}],"twitter_card":"summary_large_image","twitter_misc":{"Gesch\u00e4tzte Lesezeit":"2\u00a0Minuten"},"schema":{"@context":"https:\/\/schema.org","@graph":[{"@type":"WebPage","@id":"https:\/\/candet.es\/de\/shop\/","url":"https:\/\/candet.es\/de\/shop\/","name":"Can Det S\u00f3ller Shop | Lokale Produkte und Hausf\u00fchrung","isPartOf":{"@id":"https:\/\/candet.es\/de\/#website"},"primaryImageOfPage":{"@id":"https:\/\/candet.es\/de\/shop\/#primaryimage"},"image":{"@id":"https:\/\/candet.es\/de\/shop\/#primaryimage"},"thumbnailUrl":"http:\/\/candet.es\/wp-content\/uploads\/2021\/11\/750-1024x1024.jpg","datePublished":"2022-06-01T11:31:09+00:00","dateModified":"2026-04-29T10:06:13+00:00","description":"Kaufen Sie traditionelle Produkte der Familie von Can Det in S\u00f3ller und erg\u00e4nzen Sie Ihr Erlebnis mit einer F\u00fchrung durch das historische Haus","breadcrumb":{"@id":"https:\/\/candet.es\/de\/shop\/#breadcrumb"},"inLanguage":"de","potentialAction":[{"@type":"ReadAction","target":["https:\/\/candet.es\/de\/shop\/"]}]},{"@type":"ImageObject","inLanguage":"de","@id":"https:\/\/candet.es\/de\/shop\/#primaryimage","url":"http:\/\/candet.es\/wp-content\/uploads\/2021\/11\/750-1024x1024.jpg","contentUrl":"http:\/\/candet.es\/wp-content\/uploads\/2021\/11\/750-1024x1024.jpg"},{"@type":"BreadcrumbList","@id":"https:\/\/candet.es\/de\/shop\/#breadcrumb","itemListElement":[{"@type":"ListItem","position":1,"name":"Portada","item":"https:\/\/candet.es\/de\/"},{"@type":"ListItem","position":2,"name":"Shop"}]},{"@type":"WebSite","@id":"https:\/\/candet.es\/de\/#website","url":"https:\/\/candet.es\/de\/","name":"Can Det","description":"Visitas Guiadas S\u00f3ller","potentialAction":[{"@type":"SearchAction","target":{"@type":"EntryPoint","urlTemplate":"https:\/\/candet.es\/de\/?s={search_term_string}"},"query-input":{"@type":"PropertyValueSpecification","valueRequired":true,"valueName":"search_term_string"}}],"inLanguage":"de"}]}},"_links":{"self":[{"href":"https:\/\/candet.es\/de\/wp-json\/wp\/v2\/pages\/1523","targetHints":{"allow":["GET"]}}],"collection":[{"href":"https:\/\/candet.es\/de\/wp-json\/wp\/v2\/pages"}],"about":[{"href":"https:\/\/candet.es\/de\/wp-json\/wp\/v2\/types\/page"}],"author":[{"embeddable":true,"href":"https:\/\/candet.es\/de\/wp-json\/wp\/v2\/users\/1"}],"replies":[{"embeddable":true,"href":"https:\/\/candet.es\/de\/wp-json\/wp\/v2\/comments?post=1523"}],"version-history":[{"count":8,"href":"https:\/\/candet.es\/de\/wp-json\/wp\/v2\/pages\/1523\/revisions"}],"predecessor-version":[{"id":2015,"href":"https:\/\/candet.es\/de\/wp-json\/wp\/v2\/pages\/1523\/revisions\/2015"}],"wp:attachment":[{"href":"https:\/\/candet.es\/de\/wp-json\/wp\/v2\/media?parent=1523"}],"curies":[{"name":"wp","href":"https:\/\/api.w.org\/{rel}","templated":true}]}}